{"id":802,"date":"2020-03-17T13:16:28","date_gmt":"2020-03-17T12:16:28","guid":{"rendered":"https:\/\/tradusmedical.com\/?page_id=802"},"modified":"2020-05-21T11:52:55","modified_gmt":"2020-05-21T09:52:55","slug":"legal-notice-privacy-policy","status":"publish","type":"page","link":"https:\/\/tradusmedical.com\/en\/legal-notice-privacy-policy","title":{"rendered":"Legal notice &#038; Privacy policy"},"content":{"rendered":"[vc_row full_width=&#8221;stretch_row&#8221; bg_type=&#8221;bg_color&#8221; seperator_enable=&#8221;seperator_enable_value&#8221; seperator_type=&#8221;xlarge_triangle_seperator&#8221; seperator_position=&#8221;bottom_seperator&#8221; seperator_svg_height=&#8221;80&#8243; seperator_shape_background=&#8221;#ffffff&#8221; el_id=&#8221;spe-teas&#8221; el_class=&#8221;page-intro&#8221;][vc_column][vc_custom_heading source=&#8221;post_title&#8221; font_container=&#8221;tag:h2|text_align:left|line_height:130%25&#8243; use_theme_fonts=&#8221;yes&#8221; el_class=&#8221;page-intro-tit&#8221;][vc_custom_heading text=&#8221;We comply with the GDPR data protection laws and we would like to inform you comprehensively about the processing of your data with the following confidentiality provisions. This document, which is currently being revised, may not answer your question. Don\u2019t hesitate to contact us directly to obtain the clarification you require. Our practices are meant to be flawless, if you detect any issue, please let us know so we can improve forthwith.<br \/>\n&#8221; font_container=&#8221;tag:h4|text_align:left&#8221; google_fonts=&#8221;font_family:Roboto%3A100%2C100italic%2C300%2C300italic%2Cregular%2Citalic%2C500%2C500italic%2C700%2C700italic%2C900%2C900italic|font_style:100%20light%20regular%3A100%3Anormal&#8221; el_class=&#8221;page-intro-stit&#8221;][\/vc_column][\/vc_row][vc_row][vc_column][vc_custom_heading text=&#8221;Editor&#8221; font_container=&#8221;tag:h3|text_align:left&#8221; use_theme_fonts=&#8221;yes&#8221;][vc_column_text]This website is published by\u00a0<b>TRADUS MEDICAL, SAS <\/b><b>with<\/b><b> capital of 2000\u20ac <\/b><b>registered<\/b> <b>with<\/b><b> RCS Paris as <\/b><b>number<\/b><b> 853 116 770 \/\u00a0 Siret 853 116 770 00019 \/ Code NAF 4646Z \/ intra-<\/b><b>community<\/b><b> VAT <\/b><b>number<\/b><b> : FR 84 853116770 <\/b><b>Headquarter<\/b><b> :\u00a0 128 rue de la Bo\u00e9tie, 75008 Paris, France<\/b>[\/vc_column_text][vc_custom_heading text=&#8221;Publishing manager&#8221; font_container=&#8221;tag:h3|text_align:left&#8221; use_theme_fonts=&#8221;yes&#8221;][vc_column_text]<b>Ren\u00e9 FICARA <\/b>is the publishing manager<b>.\u00a0<\/b>You can contact him by e-mail at <b>contact[at]tradusmedical.com<br \/>\n<\/b>[\/vc_column_text][vc_custom_heading text=&#8221;Design, website &amp; webmastering&#8221; font_container=&#8221;tag:h3|text_align:left&#8221; use_theme_fonts=&#8221;yes&#8221;][vc_column_text]This site has been created by J\u00e9r\u00f4me VADON who also carries out technical and editorial maintenance on behalf of the <b><i>publisher<\/i><\/b> and under the control of the <b><i>publishing manager<\/i><\/b>.[\/vc_column_text][vc_custom_heading text=&#8221;Hosting&#8221; font_container=&#8221;tag:h3|text_align:left&#8221; use_theme_fonts=&#8221;yes&#8221;][vc_column_text]The site is hosted by\u00a0<a href=\"http:\/\/ionos.fr\/\">1&amp;1 IONOS SARL<\/a>\u00a0\u00a0located at 7 place de la Gare, 57201 SARREGUEMINES<\/p>\n<div class=\"ctn-gen-introduction\"><\/div>\n[\/vc_column_text][vc_custom_heading text=&#8221;Cr\u00e9dits&#8221; font_container=&#8221;tag:h3|text_align:left&#8221; use_theme_fonts=&#8221;yes&#8221;][vc_column_text]Photo credits are mainly assignable to <b><i>GE Healthcare <\/i><\/b>or, failing that, to <b><i>Adobe <\/i><\/b><b><i>PhotoStock<\/i><\/b> or <b><i>Freepik<\/i><\/b> platforms, except in the case of content provided by the publisher or its partners. In this case, any specific credits are indicated at least in the \u201ctitle\u201d ballista. The illustrations are mainly attributable to J\u00e9r\u00f4me VADON. If you have any questions about licenses, please contact the <b><i>publisher <\/i><\/b>directly.[\/vc_column_text][vc_custom_heading text=&#8221;Personal data collected usage&#8221; font_container=&#8221;tag:h3|text_align:left&#8221; use_theme_fonts=&#8221;yes&#8221;][vc_column_text]We do not collect any information other than that provided deliberately via our contact forms. This information, which is kept within the framework of our commercial exchanges, for our single use, are also kept for backup purposes on our website for a period not exceeding 12 months, before being subject to an automatic processing for deletion. This information is not subject to resale.<\/p>\n<p>If you wish to delete or modify all or part of this information, simply contact us on <b><i>contact [at] tradusmedical.com <\/i><\/b>(or by any other means at your convenience) and we will do our best to satisfy your request as soon as possible.[\/vc_column_text][vc_custom_heading text=&#8221;Data security&#8221; font_container=&#8221;tag:h3|text_align:left&#8221; use_theme_fonts=&#8221;yes&#8221;][vc_column_text]In accordance with the law n \u00b0 78-17 of January 6, 1978 relating to data processing, the files and freedoms, you have rights of opposition (art. 26 of the law), of access (art. 34 to 38 of the law) and rectification (art. 36 of the law) of\u00a0 you personal data. We also undertake to setup appropriate measures to secure and protect the confidentiality of data transmitted via the contact forms, as well as their automatic deletion at the end of the initial retention period.[\/vc_column_text][vc_custom_heading text=&#8221;Limit of responsibilities<br \/>\n&#8221; font_container=&#8221;tag:h3|text_align:left&#8221; use_theme_fonts=&#8221;yes&#8221;][vc_column_text]Hypertext links to other websites do not engage the publisher responsibility for the content of these sites. Access to all other websites linked to this website is at the risk of the user. The publisher cannot be held liable for direct or indirect damage resulting from the use of this website, or the impossibility for a third party to use it, or a malfunction, interruption, a virus, resulting from access to or use of this site or any sites linked to it. The documents offered for consultation are edited under the sole responsibility of their respective authors and made available by the publisher for information only.[\/vc_column_text][vc_custom_heading text=&#8221;\u00ab\u00a0Data protection &amp; freedom\u00bb\u00a0law&#8221; font_container=&#8221;tag:h3|text_align:left&#8221; use_theme_fonts=&#8221;yes&#8221;][vc_column_text]Any copy of pages on the site must have obtained the publishing manager approval. The creation of links with the publisher&#8217;s website is subject to the prior publishing manager agreement. All pages of this website are protected by French copyright law and legislation on the protection of databases. No reproduction of this document, even partial, other than that provided for in article L 122-5 of the Intellectual Property Code, may be made without the express authorization of the publisher.[\/vc_column_text][vc_custom_heading text=&#8221;Cookies&#8221; font_container=&#8221;tag:h3|text_align:left&#8221; use_theme_fonts=&#8221;yes&#8221;][vc_column_text]<b>What is a cookie? <\/b>A cookie is a small text file placed on your computer when you visit a website. The main objective is to collect information relating to your navigation and when consulting our website, cookies are placed on your computer, your mobile or your tablet. These cookies are handled by your internet browser and can be managed via its settings.<br \/>\n<b>Our cookies <\/b>We use them to secure your browsing, to manage the content we propose or to remember that you have accepted our cookies (and thus not interfere with your browsing on each visit).<br \/>\n<b>Third-party cookies <\/b>These are cookies placed by third-party companies that provide us services (such as analytics or advertising for example) or provide you services (such as a video or a button for social network sharing). They can be placed when browsing our site. We do not have control over these cookies placed by these third parties who act on their own behalf. If you need more detailed information, do not hesitate to go on the CNIL website, \u201cCommission Informatique et Libert\u00e9: <a href=\"https:\/\/www.cnil.fr\/\">https:\/\/www.cnil.fr<\/a>\u201d[\/vc_column_text][\/vc_column][\/vc_row]\n","protected":false},"excerpt":{"rendered":"<p>[vc_row full_width=&#8221;stretch_row&#8221; bg_type=&#8221;bg_color&#8221; seperator_enable=&#8221;seperator_enable_value&#8221; seperator_type=&#8221;xlarge_triangle_seperator&#8221; seperator_position=&#8221;bottom_seperator&#8221; seperator_svg_height=&#8221;80&#8243; seperator_shape_background=&#8221;#ffffff&#8221; el_id=&#8221;spe-teas&#8221; el_class=&#8221;page-intro&#8221;][vc_column][vc_custom_heading source=&#8221;post_title&#8221; font_container=&#8221;tag:h2|text_align:left|line_height:130%25&#8243; use_theme_fonts=&#8221;yes&#8221; el_class=&#8221;page-intro-tit&#8221;][vc_custom_heading text=&#8221;We comply with the GDPR data protection laws and we would like to inform you comprehensively about the processing of your data with the following confidentiality provisions. This document, which is currently being revised, may not answer your question. Don\u2019t hesitate to contact us directly to obtain the clarification you require. Our practices are meant to be flawless, if you detect any issue, please let us know so we can improve forthwith. &#8221; font_container=&#8221;tag:h4|text_align:left&#8221; google_fonts=&#8221;font_family:Roboto%3A100%2C100italic%2C300%2C300italic%2Cregular%2Citalic%2C500%2C500italic%2C700%2C700italic%2C900%2C900italic|font_style:100%20light%20regular%3A100%3Anormal&#8221; el_class=&#8221;page-intro-stit&#8221;][\/vc_column][\/vc_row][vc_row][vc_column][vc_custom_heading text=&#8221;Editor&#8221; font_container=&#8221;tag:h3|text_align:left&#8221; use_theme_fonts=&#8221;yes&#8221;][vc_column_text]This website is published by\u00a0TRADUS MEDICAL, SAS with capital of 2000\u20ac registered with RCS Paris as number 853 116 770 \/\u00a0 Siret 853 116 770 00019 \/ Code NAF 4646Z \/ intra-community VAT number : FR 84 853116770 Headquarter :\u00a0 128 rue de la Bo\u00e9tie, 75008 Paris, France[\/vc_column_text][vc_custom_heading text=&#8221;Publishing manager&#8221; font_container=&#8221;tag:h3|text_align:left&#8221; use_theme_fonts=&#8221;yes&#8221;][vc_column_text]Ren\u00e9 FICARA is the publishing manager.\u00a0You can contact him by e-mail at contact[at]tradusmedical.com [\/vc_column_text][vc_custom_heading text=&#8221;Design, website &amp; webmastering&#8221; font_container=&#8221;tag:h3|text_align:left&#8221; use_theme_fonts=&#8221;yes&#8221;][vc_column_text]This site has been created by J\u00e9r\u00f4me VADON who also carries out technical and editorial maintenance on behalf of the publisher and under the control of the publishing manager.[\/vc_column_text][vc_custom_heading text=&#8221;Hosting&#8221; font_container=&#8221;tag:h3|text_align:left&#8221; use_theme_fonts=&#8221;yes&#8221;][vc_column_text]The site is hosted by\u00a01&amp;1 IONOS SARL\u00a0\u00a0located at 7 place de la Gare, 57201 SARREGUEMINES [\/vc_column_text][vc_custom_heading text=&#8221;Cr\u00e9dits&#8221; font_container=&#8221;tag:h3|text_align:left&#8221; use_theme_fonts=&#8221;yes&#8221;][vc_column_text]Photo credits are mainly assignable to GE Healthcare or, failing that, to Adobe PhotoStock or Freepik platforms, except in the case of content provided by the publisher or its partners. In this case, any specific credits are indicated at least in the \u201ctitle\u201d ballista. The illustrations are mainly attributable to J\u00e9r\u00f4me VADON. If you have any questions about licenses, please contact the publisher directly.[\/vc_column_text][vc_custom_heading text=&#8221;Personal data collected usage&#8221; font_container=&#8221;tag:h3|text_align:left&#8221; use_theme_fonts=&#8221;yes&#8221;][vc_column_text]We do not collect any information other than that provided deliberately via our contact forms. This information, which is kept within the framework of our commercial exchanges, for our single use, are also kept for backup purposes on our website for a period not exceeding 12 months, before being subject to an automatic processing for deletion. This information is not subject to resale. If you wish to delete or modify all or part of this information, simply contact us on contact [at] tradusmedical.com (or by any other means at your convenience) and we will do our best to satisfy your request as soon as possible.[\/vc_column_text][vc_custom_heading text=&#8221;Data security&#8221; font_container=&#8221;tag:h3|text_align:left&#8221; use_theme_fonts=&#8221;yes&#8221;][vc_column_text]In accordance with the law n \u00b0 78-17 of January 6, 1978 relating to data processing, the files and freedoms, you have rights of opposition (art. 26 of the law), of access (art. 34 to 38 of the law) and rectification (art. 36 of the law) of\u00a0 you personal data. We also undertake to setup appropriate measures to secure and protect the confidentiality of data transmitted via the contact forms, as well as their automatic deletion at the end of the initial retention period.[\/vc_column_text][vc_custom_heading text=&#8221;Limit of responsibilities &#8221; font_container=&#8221;tag:h3|text_align:left&#8221; use_theme_fonts=&#8221;yes&#8221;][vc_column_text]Hypertext links to other websites do not engage the publisher responsibility for the content of these sites. Access to all other websites linked to this website is at the risk of the user. The publisher cannot be held liable for direct or indirect damage resulting from the use of this website, or the impossibility for a third party to use it, or a malfunction, interruption, a virus, resulting from access to or use of this site or any sites linked to it. The documents offered for consultation are edited under the sole responsibility of their respective authors and made available by the publisher for information only.[\/vc_column_text][vc_custom_heading text=&#8221;\u00ab\u00a0Data protection &amp; freedom\u00bb\u00a0law&#8221; font_container=&#8221;tag:h3|text_align:left&#8221; use_theme_fonts=&#8221;yes&#8221;][vc_column_text]Any copy of pages on the site must have obtained the publishing manager approval. The creation of links with the publisher&#8217;s website is subject to the prior publishing manager agreement. All pages of this website are protected by French copyright law and legislation on the protection of databases. No reproduction of this document, even partial, other than that provided for in article L 122-5 of the Intellectual Property Code, may be made without the express authorization of the publisher.[\/vc_column_text][vc_custom_heading text=&#8221;Cookies&#8221; font_container=&#8221;tag:h3|text_align:left&#8221; use_theme_fonts=&#8221;yes&#8221;][vc_column_text]What is a cookie? A cookie is a small text file placed on your computer when you visit a website. The main objective is to collect information relating to your navigation and when consulting our website, cookies are placed on your computer, your mobile or your tablet. These cookies are handled by your internet browser and can be managed via its settings. Our cookies We use them to secure your browsing, to manage the content we propose or to remember that you have accepted our cookies (and thus not interfere with your browsing on each visit). Third-party cookies These are cookies placed by third-party companies that provide us services (such as analytics or advertising for example) or provide you services (such as a video or a button for social network sharing). They can be placed when browsing our site. We do not have control over these cookies placed by these third parties who act on their own behalf. If you need more detailed information, do not hesitate to go on the CNIL website, \u201cCommission Informatique et Libert\u00e9: https:\/\/www.cnil.fr\u201d[\/vc_column_text][\/vc_column][\/vc_row]<\/p>\n","protected":false},"author":1,"featured_media":0,"parent":0,"menu_order":10,"comment_status":"closed","ping_status":"open","template":"","meta":[],"yoast_head":"<!-- This site is optimized with the Yoast SEO plugin v21.8.1 - https:\/\/yoast.com\/wordpress\/plugins\/seo\/ -->\n<title>Legal notice &amp; Privacy policy  - TradusMedical.com - Mat\u00e9riel radiologique et \u00e9quipement de radiologie d&#039;occasion reconditionn\u00e9 en usine et garantis constructeur. L&#039;imagerie m\u00e9dicale de qualit\u00e9 au meilleur prix.<\/title>\n<meta name=\"description\" content=\"Equipements radiologie, cardiovasculaire et gyn\u00e9cologie, reconditionn\u00e9s en usine et garantis constructeur. Distributeur agr\u00e9\u00e9 GE Healthcare. LOGIQ, Vivid et Voluson. Mat\u00e9riel d\u2019imagerie m\u00e9dicale de qualit\u00e9 \u00e0 prix comp\u00e9titif.\" \/>\n<meta name=\"robots\" content=\"index, follow, max-snippet:-1, max-image-preview:large, max-video-preview:-1\" \/>\n<link rel=\"canonical\" href=\"https:\/\/tradusmedical.com\/en\/legal-notice-privacy-policy\" \/>\n<meta property=\"og:locale\" content=\"en_US\" \/>\n<meta property=\"og:type\" content=\"article\" \/>\n<meta property=\"og:title\" content=\"Legal notice &amp; Privacy policy  - TradusMedical.com - Mat\u00e9riel radiologique et \u00e9quipement de radiologie d&#039;occasion reconditionn\u00e9 en usine et garantis constructeur. L&#039;imagerie m\u00e9dicale de qualit\u00e9 au meilleur prix.\" \/>\n<meta property=\"og:description\" content=\"Equipements radiologie, cardiovasculaire et gyn\u00e9cologie, reconditionn\u00e9s en usine et garantis constructeur. Distributeur agr\u00e9\u00e9 GE Healthcare. LOGIQ, Vivid et Voluson. Mat\u00e9riel d\u2019imagerie m\u00e9dicale de qualit\u00e9 \u00e0 prix comp\u00e9titif.\" \/>\n<meta property=\"og:url\" content=\"https:\/\/tradusmedical.com\/en\/legal-notice-privacy-policy\" \/>\n<meta property=\"og:site_name\" content=\"TradusMedical.com\" \/>\n<meta property=\"article:modified_time\" content=\"2020-05-21T09:52:55+00:00\" \/>\n<meta name=\"twitter:card\" content=\"summary_large_image\" \/>\n<meta name=\"twitter:label1\" content=\"Est. reading time\" \/>\n\t<meta name=\"twitter:data1\" content=\"6 minutes\" \/>\n<script type=\"application\/ld+json\" class=\"yoast-schema-graph\">{\"@context\":\"https:\/\/schema.org\",\"@graph\":[{\"@type\":\"WebPage\",\"@id\":\"https:\/\/tradusmedical.com\/en\/legal-notice-privacy-policy\",\"url\":\"https:\/\/tradusmedical.com\/en\/legal-notice-privacy-policy\",\"name\":\"Legal notice & Privacy policy - TradusMedical.com - Mat\u00e9riel radiologique et \u00e9quipement de radiologie d'occasion reconditionn\u00e9 en usine et garantis constructeur. L'imagerie m\u00e9dicale de qualit\u00e9 au meilleur prix.\",\"isPartOf\":{\"@id\":\"https:\/\/tradusmedical.com\/en#website\"},\"datePublished\":\"2020-03-17T12:16:28+00:00\",\"dateModified\":\"2020-05-21T09:52:55+00:00\",\"description\":\"Equipements radiologie, cardiovasculaire et gyn\u00e9cologie, reconditionn\u00e9s en usine et garantis constructeur. Distributeur agr\u00e9\u00e9 GE Healthcare. LOGIQ, Vivid et Voluson. Mat\u00e9riel d\u2019imagerie m\u00e9dicale de qualit\u00e9 \u00e0 prix comp\u00e9titif.\",\"breadcrumb\":{\"@id\":\"https:\/\/tradusmedical.com\/en\/legal-notice-privacy-policy#breadcrumb\"},\"inLanguage\":\"en-US\",\"potentialAction\":[{\"@type\":\"ReadAction\",\"target\":[\"https:\/\/tradusmedical.com\/en\/legal-notice-privacy-policy\"]}]},{\"@type\":\"BreadcrumbList\",\"@id\":\"https:\/\/tradusmedical.com\/en\/legal-notice-privacy-policy#breadcrumb\",\"itemListElement\":[{\"@type\":\"ListItem\",\"position\":1,\"name\":\"Accueil\",\"item\":\"https:\/\/tradusmedical.com\/en\"},{\"@type\":\"ListItem\",\"position\":2,\"name\":\"Legal notice &#038; Privacy policy\"}]},{\"@type\":\"WebSite\",\"@id\":\"https:\/\/tradusmedical.com\/en#website\",\"url\":\"https:\/\/tradusmedical.com\/en\",\"name\":\"TradusMedical.com\",\"description\":\"Mat\u00e9riel radiologique et \u00e9quipement de radiologie d&#039;occasion reconditionn\u00e9 en usine et garantis constructeur. L&#039;imagerie m\u00e9dicale de qualit\u00e9 au meilleur prix.\",\"publisher\":{\"@id\":\"https:\/\/tradusmedical.com\/en#organization\"},\"potentialAction\":[{\"@type\":\"SearchAction\",\"target\":{\"@type\":\"EntryPoint\",\"urlTemplate\":\"https:\/\/tradusmedical.com\/en?s={search_term_string}\"},\"query-input\":\"required name=search_term_string\"}],\"inLanguage\":\"en-US\"},{\"@type\":\"Organization\",\"@id\":\"https:\/\/tradusmedical.com\/en#organization\",\"name\":\"Tradus Medical\",\"url\":\"https:\/\/tradusmedical.com\/en\",\"logo\":{\"@type\":\"ImageObject\",\"inLanguage\":\"en-US\",\"@id\":\"https:\/\/tradusmedical.com\/en#\/schema\/logo\/image\/\",\"url\":\"https:\/\/tradusmedical.com\/wp-content\/uploads\/2019\/12\/tradus-medical-logo.png\",\"contentUrl\":\"https:\/\/tradusmedical.com\/wp-content\/uploads\/2019\/12\/tradus-medical-logo.png\",\"width\":397,\"height\":72,\"caption\":\"Tradus Medical\"},\"image\":{\"@id\":\"https:\/\/tradusmedical.com\/en#\/schema\/logo\/image\/\"}}]}<\/script>\n<!-- \/ Yoast SEO plugin. -->","yoast_head_json":{"title":"Legal notice & Privacy policy  - TradusMedical.com - Mat\u00e9riel radiologique et \u00e9quipement de radiologie d'occasion reconditionn\u00e9 en usine et garantis constructeur. L'imagerie m\u00e9dicale de qualit\u00e9 au meilleur prix.","description":"Equipements radiologie, cardiovasculaire et gyn\u00e9cologie, reconditionn\u00e9s en usine et garantis constructeur. Distributeur agr\u00e9\u00e9 GE Healthcare. LOGIQ, Vivid et Voluson. Mat\u00e9riel d\u2019imagerie m\u00e9dicale de qualit\u00e9 \u00e0 prix comp\u00e9titif.","robots":{"index":"index","follow":"follow","max-snippet":"max-snippet:-1","max-image-preview":"max-image-preview:large","max-video-preview":"max-video-preview:-1"},"canonical":"https:\/\/tradusmedical.com\/en\/legal-notice-privacy-policy","og_locale":"en_US","og_type":"article","og_title":"Legal notice & Privacy policy  - TradusMedical.com - Mat\u00e9riel radiologique et \u00e9quipement de radiologie d'occasion reconditionn\u00e9 en usine et garantis constructeur. L'imagerie m\u00e9dicale de qualit\u00e9 au meilleur prix.","og_description":"Equipements radiologie, cardiovasculaire et gyn\u00e9cologie, reconditionn\u00e9s en usine et garantis constructeur. Distributeur agr\u00e9\u00e9 GE Healthcare. LOGIQ, Vivid et Voluson. Mat\u00e9riel d\u2019imagerie m\u00e9dicale de qualit\u00e9 \u00e0 prix comp\u00e9titif.","og_url":"https:\/\/tradusmedical.com\/en\/legal-notice-privacy-policy","og_site_name":"TradusMedical.com","article_modified_time":"2020-05-21T09:52:55+00:00","twitter_card":"summary_large_image","twitter_misc":{"Est. reading time":"6 minutes"},"schema":{"@context":"https:\/\/schema.org","@graph":[{"@type":"WebPage","@id":"https:\/\/tradusmedical.com\/en\/legal-notice-privacy-policy","url":"https:\/\/tradusmedical.com\/en\/legal-notice-privacy-policy","name":"Legal notice & Privacy policy - TradusMedical.com - Mat\u00e9riel radiologique et \u00e9quipement de radiologie d'occasion reconditionn\u00e9 en usine et garantis constructeur. L'imagerie m\u00e9dicale de qualit\u00e9 au meilleur prix.","isPartOf":{"@id":"https:\/\/tradusmedical.com\/en#website"},"datePublished":"2020-03-17T12:16:28+00:00","dateModified":"2020-05-21T09:52:55+00:00","description":"Equipements radiologie, cardiovasculaire et gyn\u00e9cologie, reconditionn\u00e9s en usine et garantis constructeur. Distributeur agr\u00e9\u00e9 GE Healthcare. LOGIQ, Vivid et Voluson. Mat\u00e9riel d\u2019imagerie m\u00e9dicale de qualit\u00e9 \u00e0 prix comp\u00e9titif.","breadcrumb":{"@id":"https:\/\/tradusmedical.com\/en\/legal-notice-privacy-policy#breadcrumb"},"inLanguage":"en-US","potentialAction":[{"@type":"ReadAction","target":["https:\/\/tradusmedical.com\/en\/legal-notice-privacy-policy"]}]},{"@type":"BreadcrumbList","@id":"https:\/\/tradusmedical.com\/en\/legal-notice-privacy-policy#breadcrumb","itemListElement":[{"@type":"ListItem","position":1,"name":"Accueil","item":"https:\/\/tradusmedical.com\/en"},{"@type":"ListItem","position":2,"name":"Legal notice &#038; Privacy policy"}]},{"@type":"WebSite","@id":"https:\/\/tradusmedical.com\/en#website","url":"https:\/\/tradusmedical.com\/en","name":"TradusMedical.com","description":"Mat\u00e9riel radiologique et \u00e9quipement de radiologie d&#039;occasion reconditionn\u00e9 en usine et garantis constructeur. L&#039;imagerie m\u00e9dicale de qualit\u00e9 au meilleur prix.","publisher":{"@id":"https:\/\/tradusmedical.com\/en#organization"},"potentialAction":[{"@type":"SearchAction","target":{"@type":"EntryPoint","urlTemplate":"https:\/\/tradusmedical.com\/en?s={search_term_string}"},"query-input":"required name=search_term_string"}],"inLanguage":"en-US"},{"@type":"Organization","@id":"https:\/\/tradusmedical.com\/en#organization","name":"Tradus Medical","url":"https:\/\/tradusmedical.com\/en","logo":{"@type":"ImageObject","inLanguage":"en-US","@id":"https:\/\/tradusmedical.com\/en#\/schema\/logo\/image\/","url":"https:\/\/tradusmedical.com\/wp-content\/uploads\/2019\/12\/tradus-medical-logo.png","contentUrl":"https:\/\/tradusmedical.com\/wp-content\/uploads\/2019\/12\/tradus-medical-logo.png","width":397,"height":72,"caption":"Tradus Medical"},"image":{"@id":"https:\/\/tradusmedical.com\/en#\/schema\/logo\/image\/"}}]}},"_links":{"self":[{"href":"https:\/\/tradusmedical.com\/en\/wp-json\/wp\/v2\/pages\/802"}],"collection":[{"href":"https:\/\/tradusmedical.com\/en\/wp-json\/wp\/v2\/pages"}],"about":[{"href":"https:\/\/tradusmedical.com\/en\/wp-json\/wp\/v2\/types\/page"}],"author":[{"embeddable":true,"href":"https:\/\/tradusmedical.com\/en\/wp-json\/wp\/v2\/users\/1"}],"replies":[{"embeddable":true,"href":"https:\/\/tradusmedical.com\/en\/wp-json\/wp\/v2\/comments?post=802"}],"version-history":[{"count":3,"href":"https:\/\/tradusmedical.com\/en\/wp-json\/wp\/v2\/pages\/802\/revisions"}],"predecessor-version":[{"id":931,"href":"https:\/\/tradusmedical.com\/en\/wp-json\/wp\/v2\/pages\/802\/revisions\/931"}],"wp:attachment":[{"href":"https:\/\/tradusmedical.com\/en\/wp-json\/wp\/v2\/media?parent=802"}],"curies":[{"name":"wp","href":"https:\/\/api.w.org\/{rel}","templated":true}]}}