{"id":358,"date":"2019-12-02T20:02:12","date_gmt":"2019-12-02T19:02:12","guid":{"rendered":"https:\/\/tradusmedical.com\/a-propos-de-nous"},"modified":"2020-05-21T13:56:19","modified_gmt":"2020-05-21T11:56:19","slug":"about-tradus-medical","status":"publish","type":"page","link":"https:\/\/tradusmedical.com\/en\/about-tradus-medical","title":{"rendered":"About us"},"content":{"rendered":"[vc_row full_width=&#8221;stretch_row&#8221; bg_type=&#8221;bg_color&#8221; seperator_enable=&#8221;seperator_enable_value&#8221; seperator_type=&#8221;xlarge_triangle_seperator&#8221; seperator_position=&#8221;bottom_seperator&#8221; seperator_svg_height=&#8221;80&#8243; seperator_shape_background=&#8221;#ffffff&#8221; el_id=&#8221;spe-teas&#8221; el_class=&#8221;page-intro&#8221;][vc_column][vc_custom_heading source=&#8221;post_title&#8221; font_container=&#8221;tag:h2|text_align:left|line_height:130%25&#8243; use_theme_fonts=&#8221;yes&#8221; el_class=&#8221;page-intro-tit&#8221;][vc_custom_heading text=&#8221;Our philosophy is simple &#8220;Understand our customer needs in order to provide them offers that meet their expectations by partnering with renowned suppliers&#8220;&#8221; font_container=&#8221;tag:h4|text_align:left&#8221; google_fonts=&#8221;font_family:Roboto%3A100%2C100italic%2C300%2C300italic%2Cregular%2Citalic%2C500%2C500italic%2C700%2C700italic%2C900%2C900italic|font_style:100%20light%20regular%3A100%3Anormal&#8221; el_class=&#8221;page-intro-stit&#8221;][\/vc_column][\/vc_row][vc_row][vc_column][vc_custom_heading text=&#8221;The company&#8221; font_container=&#8221;tag:h3|text_align:left|color:%2346c3d9&#8243; use_theme_fonts=&#8221;yes&#8221; el_class=&#8221;page-intro-tit&#8221;][vc_column_text]TRADUS MEDICAL was created in 2019 by Ren\u00e9 FICARA to meet the economic and environmental challenges the healthcare professionals are facing as well as the high demand for refurbished equipment on the medical imaging market. With a strong expertise in the medical device domain, TRADUS MEDICAL specializes in the sale of reconditioned ultrasound scanners and the used equipment trade-in. We are <b>GE Healthcare <\/b><b>authorized<\/b> <b>distributor<\/b>.[\/vc_column_text][vc_row_inner equal_height=&#8221;yes&#8221;][vc_column_inner width=&#8221;1\/3&#8243;][vc_column_text el_class=&#8221;about-circle&#8221; el_id=&#8221;circle-1&#8243;]\n<p style=\"text-align: center;\">Expertise<br \/>\n&amp; Support<\/p>\n[\/vc_column_text][\/vc_column_inner][vc_column_inner width=&#8221;1\/3&#8243;][vc_column_text el_class=&#8221;about-circle&#8221; el_id=&#8221;circle-2&#8243;]\n<p style=\"text-align: center;\">Flexibility &amp;<br \/>\nAvailability<\/p>\n[\/vc_column_text][\/vc_column_inner][vc_column_inner width=&#8221;1\/3&#8243;][vc_column_text el_class=&#8221;about-circle&#8221; el_id=&#8221;circle-3&#8243;]\n<p style=\"text-align: center;\">Solid sense<br \/>\nof commitment<\/p>\n[\/vc_column_text][\/vc_column_inner][\/vc_row_inner][vc_empty_space][\/vc_column][\/vc_row][vc_row full_width=&#8221;stretch_row&#8221; css=&#8221;.vc_custom_1582730235117{background-color: #46c3d9 !important;}&#8221;][vc_column][vc_custom_heading text=&#8221;GE Healthcare authorized distributor&#8221; font_container=&#8221;tag:h3|text_align:left|color:%23ffffff&#8221; use_theme_fonts=&#8221;yes&#8221; el_class=&#8221;page-intro-tit&#8221;][vc_column_text el_class=&#8221;white&#8221;]TRADUS MEDICAL has partenered with GE Healthcare, one of the main leaders in the medical imaging market, so you can benefit from the company&#8217;s know-how and reputation in this domain and more specifically in ultrasound.<\/p>\n<p>The expertise of TRADUS MEDICAL combined with the notoriety of GE Healthcare are guarantees of quality that you must expect when you buy a factory-refurbished ultrasound equipment.[\/vc_column_text][vc_row_inner][vc_column_inner width=&#8221;1\/3&#8243;][vc_column_text el_class=&#8221;about-circle&#8221; el_id=&#8221;circle-4&#8243;]\n<p style=\"text-align: center;\">Guarrantees<br \/>\n&amp; Certification<\/p>\n[\/vc_column_text][vc_column_text el_class=&#8221;white&#8221;]\n<p style=\"text-align: center;\">Access to high expertise systems with complete peace of mind thanks to the manufacturer&#8217;s warranty (12 months)<\/p>\n[\/vc_column_text][\/vc_column_inner][vc_column_inner width=&#8221;1\/3&#8243;][vc_column_text el_class=&#8221;about-circle&#8221; el_id=&#8221;circle-5&#8243;]\n<p style=\"text-align: center;\">Flexibility<br \/>\n&amp; Scalabilty<\/p>\n[\/vc_column_text][vc_column_text el_class=&#8221;white&#8221;]\n<p style=\"text-align: center;\">Modulable configuration and budget depending on activity type and number of exams. Software upgrade<\/p>\n[\/vc_column_text][\/vc_column_inner][vc_column_inner width=&#8221;1\/3&#8243;][vc_column_text el_class=&#8221;about-circle&#8221; el_id=&#8221;circle-6&#8243;]\n<p style=\"text-align: center;\">Help &amp;<br \/>\nSupport<\/p>\n[\/vc_column_text][vc_column_text el_class=&#8221;white&#8221;]\n<p style=\"text-align: center;\">Technical and clinical application support on site and remotely. User clubs access<\/p>\n[\/vc_column_text][\/vc_column_inner][\/vc_row_inner][vc_row_inner css=&#8221;.vc_custom_1583313566588{border-top-width: 2px !important;border-right-width: 2px !important;border-bottom-width: 2px !important;border-left-width: 2px !important;border-left-color: #ffffff !important;border-left-style: solid !important;border-right-color: #ffffff !important;border-right-style: solid !important;border-top-color: #ffffff !important;border-top-style: solid !important;border-bottom-color: #ffffff !important;border-bottom-style: solid !important;border-radius: 2px !important;}&#8221;][vc_column_inner][vc_column_text el_class=&#8221;white&#8221;]\n<p style=\"text-align: center;\">You are a TRADUS MEDICAL customer\u2026You are facing a technical issue<br \/>\nOr you need a clinical support online?<\/p>\n<h3 style=\"text-align: center;\"><strong>Call GE Healthcare 0 800 139 140<\/strong><\/h3>\n[\/vc_column_text][\/vc_column_inner][\/vc_row_inner][vc_empty_space][\/vc_column][\/vc_row][vc_row][vc_column][vc_custom_heading text=&#8221;What do we propose?&#8221; font_container=&#8221;tag:h3|text_align:left|color:%2346c3d9&#8243; use_theme_fonts=&#8221;yes&#8221; el_class=&#8221;page-intro-tit&#8221;][vc_row_inner][vc_column_inner width=&#8221;1\/2&#8243;][vc_column_text]\n<ul>\n<li>Full equipment range for radiology, cardiology, vascular,<br \/>\ngynecology \/ obstetrics, and other specialties using ultrasound<br \/>\nscanners,<\/li>\n<li>factory refurbished products, certified and guaranteed by the<br \/>\nmanufacturer,<\/li>\n<\/ul>\n[\/vc_column_text][\/vc_column_inner][vc_column_inner width=&#8221;1\/2&#8243;][vc_column_text]\n<ul>\n<li>Used equipment selected for their excellent condition,<\/li>\n<li>All ultrasound scanners buy-back<\/li>\n<li>Clinical training on the equipment in partnership with the<br \/>\nsuppliers,<\/li>\n<li>Ultrasound scanners short and long term rental<\/li>\n<\/ul>\n[\/vc_column_text][\/vc_column_inner][\/vc_row_inner][vc_row_inner][vc_column_inner width=&#8221;1\/3&#8243;][vc_column_text el_class=&#8221;about-circle&#8221; el_id=&#8221;circle-7&#8243;]\n<p style=\"text-align: center;\">Refurbished<br \/>\nUltrasound<br \/>\nscanners<\/p>\n[\/vc_column_text][\/vc_column_inner][vc_column_inner width=&#8221;1\/3&#8243;][vc_column_text el_class=&#8221;about-circle&#8221; el_id=&#8221;circle-8&#8243;]\n<p style=\"text-align: center;\">Manufacturer<br \/>\nWarranty<\/p>\n[\/vc_column_text][\/vc_column_inner][vc_column_inner width=&#8221;1\/3&#8243;][vc_column_text el_class=&#8221;about-circle&#8221; el_id=&#8221;circle-9&#8243;]\n<p style=\"text-align: center;\">All Brand<br \/>\nTrade-in<\/p>\n[\/vc_column_text][\/vc_column_inner][\/vc_row_inner][vc_empty_space][\/vc_column][\/vc_row][vc_row full_width=&#8221;stretch_row&#8221; gap=&#8221;30&#8243; equal_height=&#8221;yes&#8221; css=&#8221;.vc_custom_1584455847244{background-color: #c7d7d8 !important;}&#8221;][vc_column width=&#8221;1\/3&#8243;][vc_single_image image=&#8221;818&#8243; img_size=&#8221;full&#8221; el_class=&#8221;rene-ficara&#8221;][\/vc_column][vc_column width=&#8221;2\/3&#8243;][vc_custom_heading text=&#8221;About Ren\u00e9 FICARA&#8221; font_container=&#8221;tag:h3|text_align:left|color:%23000000&#8243; use_theme_fonts=&#8221;yes&#8221; el_class=&#8221;page-intro-tit&#8221;][vc_empty_space height=&#8221;16px&#8221;][vc_column_text el_class=&#8221;rene-ficara-engagement&#8221;]After having held for 36 years various positions in France and in Europe within GE Healthcare, I wished to continue to use this rich medical imaging commercial expertise for the benefit of my customers. Entrepreneurial spirit, listening, empathy, motivation, respect for commitments made are among the strengths that my clients and the people who I have worked with attribute to me.[\/vc_column_text][\/vc_column][\/vc_row]\n","protected":false},"excerpt":{"rendered":"<p>[vc_row full_width=&#8221;stretch_row&#8221; bg_type=&#8221;bg_color&#8221; seperator_enable=&#8221;seperator_enable_value&#8221; seperator_type=&#8221;xlarge_triangle_seperator&#8221; seperator_position=&#8221;bottom_seperator&#8221; seperator_svg_height=&#8221;80&#8243; seperator_shape_background=&#8221;#ffffff&#8221; el_id=&#8221;spe-teas&#8221; el_class=&#8221;page-intro&#8221;][vc_column][vc_custom_heading source=&#8221;post_title&#8221; font_container=&#8221;tag:h2|text_align:left|line_height:130%25&#8243; use_theme_fonts=&#8221;yes&#8221; el_class=&#8221;page-intro-tit&#8221;][vc_custom_heading text=&#8221;Our philosophy is simple &#8220;Understand our customer needs in order to provide them offers that meet their expectations by partnering with renowned suppliers&#8220;&#8221; font_container=&#8221;tag:h4|text_align:left&#8221; google_fonts=&#8221;font_family:Roboto%3A100%2C100italic%2C300%2C300italic%2Cregular%2Citalic%2C500%2C500italic%2C700%2C700italic%2C900%2C900italic|font_style:100%20light%20regular%3A100%3Anormal&#8221; el_class=&#8221;page-intro-stit&#8221;][\/vc_column][\/vc_row][vc_row][vc_column][vc_custom_heading text=&#8221;The company&#8221; font_container=&#8221;tag:h3|text_align:left|color:%2346c3d9&#8243; use_theme_fonts=&#8221;yes&#8221; el_class=&#8221;page-intro-tit&#8221;][vc_column_text]TRADUS MEDICAL was created in 2019 by Ren\u00e9 FICARA to meet the economic and environmental challenges the healthcare professionals are facing as well as the high demand for refurbished equipment on the medical imaging market. With a strong expertise in the medical device domain, TRADUS MEDICAL specializes in the sale of reconditioned ultrasound scanners and the used equipment trade-in. We are GE Healthcare authorized distributor.[\/vc_column_text][vc_row_inner equal_height=&#8221;yes&#8221;][vc_column_inner width=&#8221;1\/3&#8243;][vc_column_text el_class=&#8221;about-circle&#8221; el_id=&#8221;circle-1&#8243;] Expertise &amp; Support [\/vc_column_text][\/vc_column_inner][vc_column_inner width=&#8221;1\/3&#8243;][vc_column_text el_class=&#8221;about-circle&#8221; el_id=&#8221;circle-2&#8243;] Flexibility &amp; Availability [\/vc_column_text][\/vc_column_inner][vc_column_inner width=&#8221;1\/3&#8243;][vc_column_text el_class=&#8221;about-circle&#8221; el_id=&#8221;circle-3&#8243;] Solid sense of commitment [\/vc_column_text][\/vc_column_inner][\/vc_row_inner][vc_empty_space][\/vc_column][\/vc_row][vc_row full_width=&#8221;stretch_row&#8221; css=&#8221;.vc_custom_1582730235117{background-color: #46c3d9 !important;}&#8221;][vc_column][vc_custom_heading text=&#8221;GE Healthcare authorized distributor&#8221; font_container=&#8221;tag:h3|text_align:left|color:%23ffffff&#8221; use_theme_fonts=&#8221;yes&#8221; el_class=&#8221;page-intro-tit&#8221;][vc_column_text el_class=&#8221;white&#8221;]TRADUS MEDICAL has partenered with GE Healthcare, one of the main leaders in the medical imaging market, so you can benefit from the company&#8217;s know-how and reputation in this domain and more specifically in ultrasound. The expertise of TRADUS MEDICAL combined with the notoriety of GE Healthcare are guarantees of quality that you must expect when you buy a factory-refurbished ultrasound equipment.[\/vc_column_text][vc_row_inner][vc_column_inner width=&#8221;1\/3&#8243;][vc_column_text el_class=&#8221;about-circle&#8221; el_id=&#8221;circle-4&#8243;] Guarrantees &amp; Certification [\/vc_column_text][vc_column_text el_class=&#8221;white&#8221;] Access to high expertise systems with complete peace of mind thanks to the manufacturer&#8217;s warranty (12 months) [\/vc_column_text][\/vc_column_inner][vc_column_inner width=&#8221;1\/3&#8243;][vc_column_text el_class=&#8221;about-circle&#8221; el_id=&#8221;circle-5&#8243;] Flexibility &amp; Scalabilty [\/vc_column_text][vc_column_text el_class=&#8221;white&#8221;] Modulable configuration and budget depending on activity type and number of exams. Software upgrade [\/vc_column_text][\/vc_column_inner][vc_column_inner width=&#8221;1\/3&#8243;][vc_column_text el_class=&#8221;about-circle&#8221; el_id=&#8221;circle-6&#8243;] Help &amp; Support [\/vc_column_text][vc_column_text el_class=&#8221;white&#8221;] Technical and clinical application support on site and remotely. User clubs access [\/vc_column_text][\/vc_column_inner][\/vc_row_inner][vc_row_inner css=&#8221;.vc_custom_1583313566588{border-top-width: 2px !important;border-right-width: 2px !important;border-bottom-width: 2px !important;border-left-width: 2px !important;border-left-color: #ffffff !important;border-left-style: solid !important;border-right-color: #ffffff !important;border-right-style: solid !important;border-top-color: #ffffff !important;border-top-style: solid !important;border-bottom-color: #ffffff !important;border-bottom-style: solid !important;border-radius: 2px !important;}&#8221;][vc_column_inner][vc_column_text el_class=&#8221;white&#8221;] You are a TRADUS MEDICAL customer\u2026You are facing a technical issue Or you need a clinical support online? Call GE Healthcare 0 800 139 140 [\/vc_column_text][\/vc_column_inner][\/vc_row_inner][vc_empty_space][\/vc_column][\/vc_row][vc_row][vc_column][vc_custom_heading text=&#8221;What do we propose?&#8221; font_container=&#8221;tag:h3|text_align:left|color:%2346c3d9&#8243; use_theme_fonts=&#8221;yes&#8221; el_class=&#8221;page-intro-tit&#8221;][vc_row_inner][vc_column_inner width=&#8221;1\/2&#8243;][vc_column_text] Full equipment range for radiology, cardiology, vascular, gynecology \/ obstetrics, and other specialties using ultrasound scanners, factory refurbished products, certified and guaranteed by the manufacturer, [\/vc_column_text][\/vc_column_inner][vc_column_inner width=&#8221;1\/2&#8243;][vc_column_text] Used equipment selected for their excellent condition, All ultrasound scanners buy-back Clinical training on the equipment in partnership with the suppliers, Ultrasound scanners short and long term rental [\/vc_column_text][\/vc_column_inner][\/vc_row_inner][vc_row_inner][vc_column_inner width=&#8221;1\/3&#8243;][vc_column_text el_class=&#8221;about-circle&#8221; el_id=&#8221;circle-7&#8243;] Refurbished Ultrasound scanners [\/vc_column_text][\/vc_column_inner][vc_column_inner width=&#8221;1\/3&#8243;][vc_column_text el_class=&#8221;about-circle&#8221; el_id=&#8221;circle-8&#8243;] Manufacturer Warranty [\/vc_column_text][\/vc_column_inner][vc_column_inner width=&#8221;1\/3&#8243;][vc_column_text el_class=&#8221;about-circle&#8221; el_id=&#8221;circle-9&#8243;] All Brand Trade-in [\/vc_column_text][\/vc_column_inner][\/vc_row_inner][vc_empty_space][\/vc_column][\/vc_row][vc_row full_width=&#8221;stretch_row&#8221; gap=&#8221;30&#8243; equal_height=&#8221;yes&#8221; css=&#8221;.vc_custom_1584455847244{background-color: #c7d7d8 !important;}&#8221;][vc_column width=&#8221;1\/3&#8243;][vc_single_image image=&#8221;818&#8243; img_size=&#8221;full&#8221; el_class=&#8221;rene-ficara&#8221;][\/vc_column][vc_column width=&#8221;2\/3&#8243;][vc_custom_heading text=&#8221;About Ren\u00e9 FICARA&#8221; font_container=&#8221;tag:h3|text_align:left|color:%23000000&#8243; use_theme_fonts=&#8221;yes&#8221; el_class=&#8221;page-intro-tit&#8221;][vc_empty_space height=&#8221;16px&#8221;][vc_column_text el_class=&#8221;rene-ficara-engagement&#8221;]After having held for 36 years various positions in France and in Europe within GE Healthcare, I wished to continue to use this rich medical imaging commercial expertise for the benefit of my customers. Entrepreneurial spirit, listening, empathy, motivation, respect for commitments made are among the strengths that my clients and the people who I have worked with attribute to me.[\/vc_column_text][\/vc_column][\/vc_row]<\/p>\n","protected":false},"author":1,"featured_media":0,"parent":0,"menu_order":9,"comment_status":"closed","ping_status":"closed","template":"","meta":[],"yoast_head":"<!-- This site is optimized with the Yoast SEO plugin v21.8.1 - https:\/\/yoast.com\/wordpress\/plugins\/seo\/ -->\n<title>About us  - TradusMedical.com - Mat\u00e9riel radiologique et \u00e9quipement de radiologie d&#039;occasion reconditionn\u00e9 en usine et garantis constructeur. L&#039;imagerie m\u00e9dicale de qualit\u00e9 au meilleur prix.<\/title>\n<meta name=\"description\" content=\"Equipements radiologie, cardiovasculaire et gyn\u00e9cologie, reconditionn\u00e9s en usine et garantis constructeur. Distributeur agr\u00e9\u00e9 GE Healthcare. LOGIQ, Vivid et Voluson. Mat\u00e9riel d\u2019imagerie m\u00e9dicale de qualit\u00e9 \u00e0 prix comp\u00e9titif.\" \/>\n<meta name=\"robots\" content=\"index, follow, max-snippet:-1, max-image-preview:large, max-video-preview:-1\" \/>\n<link rel=\"canonical\" href=\"https:\/\/tradusmedical.com\/en\/about-tradus-medical\" \/>\n<meta property=\"og:locale\" content=\"en_US\" \/>\n<meta property=\"og:type\" content=\"article\" \/>\n<meta property=\"og:title\" content=\"About us  - TradusMedical.com - Mat\u00e9riel radiologique et \u00e9quipement de radiologie d&#039;occasion reconditionn\u00e9 en usine et garantis constructeur. L&#039;imagerie m\u00e9dicale de qualit\u00e9 au meilleur prix.\" \/>\n<meta property=\"og:description\" content=\"Equipements radiologie, cardiovasculaire et gyn\u00e9cologie, reconditionn\u00e9s en usine et garantis constructeur. Distributeur agr\u00e9\u00e9 GE Healthcare. LOGIQ, Vivid et Voluson. Mat\u00e9riel d\u2019imagerie m\u00e9dicale de qualit\u00e9 \u00e0 prix comp\u00e9titif.\" \/>\n<meta property=\"og:url\" content=\"https:\/\/tradusmedical.com\/en\/about-tradus-medical\" \/>\n<meta property=\"og:site_name\" content=\"TradusMedical.com\" \/>\n<meta property=\"article:modified_time\" content=\"2020-05-21T11:56:19+00:00\" \/>\n<meta name=\"twitter:card\" content=\"summary_large_image\" \/>\n<meta name=\"twitter:label1\" content=\"Est. reading time\" \/>\n\t<meta name=\"twitter:data1\" content=\"5 minutes\" \/>\n<script type=\"application\/ld+json\" class=\"yoast-schema-graph\">{\"@context\":\"https:\/\/schema.org\",\"@graph\":[{\"@type\":\"WebPage\",\"@id\":\"https:\/\/tradusmedical.com\/en\/about-tradus-medical\",\"url\":\"https:\/\/tradusmedical.com\/en\/about-tradus-medical\",\"name\":\"About us - TradusMedical.com - Mat\u00e9riel radiologique et \u00e9quipement de radiologie d'occasion reconditionn\u00e9 en usine et garantis constructeur. L'imagerie m\u00e9dicale de qualit\u00e9 au meilleur prix.\",\"isPartOf\":{\"@id\":\"https:\/\/tradusmedical.com\/en#website\"},\"datePublished\":\"2019-12-02T19:02:12+00:00\",\"dateModified\":\"2020-05-21T11:56:19+00:00\",\"description\":\"Equipements radiologie, cardiovasculaire et gyn\u00e9cologie, reconditionn\u00e9s en usine et garantis constructeur. Distributeur agr\u00e9\u00e9 GE Healthcare. LOGIQ, Vivid et Voluson. Mat\u00e9riel d\u2019imagerie m\u00e9dicale de qualit\u00e9 \u00e0 prix comp\u00e9titif.\",\"breadcrumb\":{\"@id\":\"https:\/\/tradusmedical.com\/en\/about-tradus-medical#breadcrumb\"},\"inLanguage\":\"en-US\",\"potentialAction\":[{\"@type\":\"ReadAction\",\"target\":[\"https:\/\/tradusmedical.com\/en\/about-tradus-medical\"]}]},{\"@type\":\"BreadcrumbList\",\"@id\":\"https:\/\/tradusmedical.com\/en\/about-tradus-medical#breadcrumb\",\"itemListElement\":[{\"@type\":\"ListItem\",\"position\":1,\"name\":\"Accueil\",\"item\":\"https:\/\/tradusmedical.com\/en\"},{\"@type\":\"ListItem\",\"position\":2,\"name\":\"About us\"}]},{\"@type\":\"WebSite\",\"@id\":\"https:\/\/tradusmedical.com\/en#website\",\"url\":\"https:\/\/tradusmedical.com\/en\",\"name\":\"TradusMedical.com\",\"description\":\"Mat\u00e9riel radiologique et \u00e9quipement de radiologie d&#039;occasion reconditionn\u00e9 en usine et garantis constructeur. L&#039;imagerie m\u00e9dicale de qualit\u00e9 au meilleur prix.\",\"publisher\":{\"@id\":\"https:\/\/tradusmedical.com\/en#organization\"},\"potentialAction\":[{\"@type\":\"SearchAction\",\"target\":{\"@type\":\"EntryPoint\",\"urlTemplate\":\"https:\/\/tradusmedical.com\/en?s={search_term_string}\"},\"query-input\":\"required name=search_term_string\"}],\"inLanguage\":\"en-US\"},{\"@type\":\"Organization\",\"@id\":\"https:\/\/tradusmedical.com\/en#organization\",\"name\":\"Tradus Medical\",\"url\":\"https:\/\/tradusmedical.com\/en\",\"logo\":{\"@type\":\"ImageObject\",\"inLanguage\":\"en-US\",\"@id\":\"https:\/\/tradusmedical.com\/en#\/schema\/logo\/image\/\",\"url\":\"https:\/\/tradusmedical.com\/wp-content\/uploads\/2019\/12\/tradus-medical-logo.png\",\"contentUrl\":\"https:\/\/tradusmedical.com\/wp-content\/uploads\/2019\/12\/tradus-medical-logo.png\",\"width\":397,\"height\":72,\"caption\":\"Tradus Medical\"},\"image\":{\"@id\":\"https:\/\/tradusmedical.com\/en#\/schema\/logo\/image\/\"}}]}<\/script>\n<!-- \/ Yoast SEO plugin. -->","yoast_head_json":{"title":"About us  - TradusMedical.com - Mat\u00e9riel radiologique et \u00e9quipement de radiologie d'occasion reconditionn\u00e9 en usine et garantis constructeur. L'imagerie m\u00e9dicale de qualit\u00e9 au meilleur prix.","description":"Equipements radiologie, cardiovasculaire et gyn\u00e9cologie, reconditionn\u00e9s en usine et garantis constructeur. Distributeur agr\u00e9\u00e9 GE Healthcare. LOGIQ, Vivid et Voluson. Mat\u00e9riel d\u2019imagerie m\u00e9dicale de qualit\u00e9 \u00e0 prix comp\u00e9titif.","robots":{"index":"index","follow":"follow","max-snippet":"max-snippet:-1","max-image-preview":"max-image-preview:large","max-video-preview":"max-video-preview:-1"},"canonical":"https:\/\/tradusmedical.com\/en\/about-tradus-medical","og_locale":"en_US","og_type":"article","og_title":"About us  - TradusMedical.com - Mat\u00e9riel radiologique et \u00e9quipement de radiologie d'occasion reconditionn\u00e9 en usine et garantis constructeur. L'imagerie m\u00e9dicale de qualit\u00e9 au meilleur prix.","og_description":"Equipements radiologie, cardiovasculaire et gyn\u00e9cologie, reconditionn\u00e9s en usine et garantis constructeur. Distributeur agr\u00e9\u00e9 GE Healthcare. LOGIQ, Vivid et Voluson. Mat\u00e9riel d\u2019imagerie m\u00e9dicale de qualit\u00e9 \u00e0 prix comp\u00e9titif.","og_url":"https:\/\/tradusmedical.com\/en\/about-tradus-medical","og_site_name":"TradusMedical.com","article_modified_time":"2020-05-21T11:56:19+00:00","twitter_card":"summary_large_image","twitter_misc":{"Est. reading time":"5 minutes"},"schema":{"@context":"https:\/\/schema.org","@graph":[{"@type":"WebPage","@id":"https:\/\/tradusmedical.com\/en\/about-tradus-medical","url":"https:\/\/tradusmedical.com\/en\/about-tradus-medical","name":"About us - TradusMedical.com - Mat\u00e9riel radiologique et \u00e9quipement de radiologie d'occasion reconditionn\u00e9 en usine et garantis constructeur. L'imagerie m\u00e9dicale de qualit\u00e9 au meilleur prix.","isPartOf":{"@id":"https:\/\/tradusmedical.com\/en#website"},"datePublished":"2019-12-02T19:02:12+00:00","dateModified":"2020-05-21T11:56:19+00:00","description":"Equipements radiologie, cardiovasculaire et gyn\u00e9cologie, reconditionn\u00e9s en usine et garantis constructeur. Distributeur agr\u00e9\u00e9 GE Healthcare. LOGIQ, Vivid et Voluson. Mat\u00e9riel d\u2019imagerie m\u00e9dicale de qualit\u00e9 \u00e0 prix comp\u00e9titif.","breadcrumb":{"@id":"https:\/\/tradusmedical.com\/en\/about-tradus-medical#breadcrumb"},"inLanguage":"en-US","potentialAction":[{"@type":"ReadAction","target":["https:\/\/tradusmedical.com\/en\/about-tradus-medical"]}]},{"@type":"BreadcrumbList","@id":"https:\/\/tradusmedical.com\/en\/about-tradus-medical#breadcrumb","itemListElement":[{"@type":"ListItem","position":1,"name":"Accueil","item":"https:\/\/tradusmedical.com\/en"},{"@type":"ListItem","position":2,"name":"About us"}]},{"@type":"WebSite","@id":"https:\/\/tradusmedical.com\/en#website","url":"https:\/\/tradusmedical.com\/en","name":"TradusMedical.com","description":"Mat\u00e9riel radiologique et \u00e9quipement de radiologie d&#039;occasion reconditionn\u00e9 en usine et garantis constructeur. L&#039;imagerie m\u00e9dicale de qualit\u00e9 au meilleur prix.","publisher":{"@id":"https:\/\/tradusmedical.com\/en#organization"},"potentialAction":[{"@type":"SearchAction","target":{"@type":"EntryPoint","urlTemplate":"https:\/\/tradusmedical.com\/en?s={search_term_string}"},"query-input":"required name=search_term_string"}],"inLanguage":"en-US"},{"@type":"Organization","@id":"https:\/\/tradusmedical.com\/en#organization","name":"Tradus Medical","url":"https:\/\/tradusmedical.com\/en","logo":{"@type":"ImageObject","inLanguage":"en-US","@id":"https:\/\/tradusmedical.com\/en#\/schema\/logo\/image\/","url":"https:\/\/tradusmedical.com\/wp-content\/uploads\/2019\/12\/tradus-medical-logo.png","contentUrl":"https:\/\/tradusmedical.com\/wp-content\/uploads\/2019\/12\/tradus-medical-logo.png","width":397,"height":72,"caption":"Tradus Medical"},"image":{"@id":"https:\/\/tradusmedical.com\/en#\/schema\/logo\/image\/"}}]}},"_links":{"self":[{"href":"https:\/\/tradusmedical.com\/en\/wp-json\/wp\/v2\/pages\/358"}],"collection":[{"href":"https:\/\/tradusmedical.com\/en\/wp-json\/wp\/v2\/pages"}],"about":[{"href":"https:\/\/tradusmedical.com\/en\/wp-json\/wp\/v2\/types\/page"}],"author":[{"embeddable":true,"href":"https:\/\/tradusmedical.com\/en\/wp-json\/wp\/v2\/users\/1"}],"replies":[{"embeddable":true,"href":"https:\/\/tradusmedical.com\/en\/wp-json\/wp\/v2\/comments?post=358"}],"version-history":[{"count":7,"href":"https:\/\/tradusmedical.com\/en\/wp-json\/wp\/v2\/pages\/358\/revisions"}],"predecessor-version":[{"id":954,"href":"https:\/\/tradusmedical.com\/en\/wp-json\/wp\/v2\/pages\/358\/revisions\/954"}],"wp:attachment":[{"href":"https:\/\/tradusmedical.com\/en\/wp-json\/wp\/v2\/media?parent=358"}],"curies":[{"name":"wp","href":"https:\/\/api.w.org\/{rel}","templated":true}]}}