{"id":352,"date":"2019-12-02T20:02:12","date_gmt":"2019-12-02T19:02:12","guid":{"rendered":"https:\/\/tradusmedical.com\/reprise-equipements"},"modified":"2020-05-21T13:37:40","modified_gmt":"2020-05-21T11:37:40","slug":"equipment-buy-back","status":"publish","type":"page","link":"https:\/\/tradusmedical.com\/en\/equipment-buy-back","title":{"rendered":"Equipment buy-back"},"content":{"rendered":"[vc_row full_width=&#8221;stretch_row&#8221; bg_type=&#8221;bg_color&#8221; seperator_enable=&#8221;seperator_enable_value&#8221; seperator_type=&#8221;xlarge_triangle_seperator&#8221; seperator_position=&#8221;bottom_seperator&#8221; seperator_svg_height=&#8221;80&#8243; seperator_shape_background=&#8221;#ffffff&#8221; el_id=&#8221;spe-teas&#8221; el_class=&#8221;page-intro&#8221;][vc_column][vc_custom_heading source=&#8221;post_title&#8221; font_container=&#8221;tag:h2|text_align:left|line_height:130%25&#8243; use_theme_fonts=&#8221;yes&#8221; el_class=&#8221;page-intro-tit&#8221;][vc_custom_heading text=&#8221;Our commitment : Equipment evaluation within 48 hours and no purchase conditions for a trade-in offer&#8221; font_container=&#8221;tag:h4|text_align:left&#8221; google_fonts=&#8221;font_family:Roboto%3A100%2C100italic%2C300%2C300italic%2Cregular%2Citalic%2C500%2C500italic%2C700%2C700italic%2C900%2C900italic|font_style:100%20light%20regular%3A100%3Anormal&#8221; el_class=&#8221;page-intro-stit&#8221;][\/vc_column][\/vc_row][vc_row][vc_column]<script type=\"text\/javascript\">var gform;gform||(document.addEventListener(\"gform_main_scripts_loaded\",function(){gform.scriptsLoaded=!0}),window.addEventListener(\"DOMContentLoaded\",function(){gform.domLoaded=!0}),gform={domLoaded:!1,scriptsLoaded:!1,initializeOnLoaded:function(o){gform.domLoaded&&gform.scriptsLoaded?o():!gform.domLoaded&&gform.scriptsLoaded?window.addEventListener(\"DOMContentLoaded\",o):document.addEventListener(\"gform_main_scripts_loaded\",o)},hooks:{action:{},filter:{}},addAction:function(o,n,r,t){gform.addHook(\"action\",o,n,r,t)},addFilter:function(o,n,r,t){gform.addHook(\"filter\",o,n,r,t)},doAction:function(o){gform.doHook(\"action\",o,arguments)},applyFilters:function(o){return gform.doHook(\"filter\",o,arguments)},removeAction:function(o,n){gform.removeHook(\"action\",o,n)},removeFilter:function(o,n,r){gform.removeHook(\"filter\",o,n,r)},addHook:function(o,n,r,t,i){null==gform.hooks[o][n]&&(gform.hooks[o][n]=[]);var e=gform.hooks[o][n];null==i&&(i=n+\"_\"+e.length),gform.hooks[o][n].push({tag:i,callable:r,priority:t=null==t?10:t})},doHook:function(n,o,r){var t;if(r=Array.prototype.slice.call(r,1),null!=gform.hooks[n][o]&&((o=gform.hooks[n][o]).sort(function(o,n){return o.priority-n.priority}),o.forEach(function(o){\"function\"!=typeof(t=o.callable)&&(t=window[t]),\"action\"==n?t.apply(null,r):r[0]=t.apply(null,r)})),\"filter\"==n)return r[0]},removeHook:function(o,n,t,i){var r;null!=gform.hooks[o][n]&&(r=(r=gform.hooks[o][n]).filter(function(o,n,r){return!!(null!=i&&i!=o.tag||null!=t&&t!=o.priority)}),gform.hooks[o][n]=r)}});<\/script>\n                <div class='gf_browser_gecko gform_wrapper gform_legacy_markup_wrapper' id='gform_wrapper_7' ><form method='post' enctype='multipart\/form-data'  id='gform_7'  action='\/en\/wp-json\/wp\/v2\/pages\/352' >\n                        <div class='gform_body gform-body'><ul id='gform_fields_7' class='gform_fields top_label form_sublabel_below description_below'><li id=\"field_7_28\" class=\"gfield gf_left_half gfield_contains_required field_sublabel_below field_description_below gfield_visibility_visible\" ><label class='gfield_label' for='input_7_28' >First name<span class=\"gfield_required\"><span class=\"gfield_required gfield_required_asterisk\">*<\/span><\/span><\/label><div class='ginput_container ginput_container_text'><input name='input_28' id='input_7_28' type='text' value='' class='medium'     aria-required=\"true\" aria-invalid=\"false\"   \/> <\/div><\/li><li id=\"field_7_29\" class=\"gfield gf_right_half gfield_contains_required field_sublabel_below field_description_below gfield_visibility_visible\" ><label class='gfield_label' for='input_7_29' >Name<span class=\"gfield_required\"><span class=\"gfield_required gfield_required_asterisk\">*<\/span><\/span><\/label><div class='ginput_container ginput_container_text'><input name='input_29' id='input_7_29' type='text' value='' class='medium'     aria-required=\"true\" aria-invalid=\"false\"   \/> <\/div><\/li><li id=\"field_7_12\" class=\"gfield gf_left_half gfield_contains_required field_sublabel_below field_description_below gfield_visibility_visible\" ><label class='gfield_label' for='input_7_12' >E-mail<span class=\"gfield_required\"><span class=\"gfield_required gfield_required_asterisk\">*<\/span><\/span><\/label><div class='ginput_container ginput_container_email'>\n                            <input name='input_12' id='input_7_12' type='text' value='' class='medium'    aria-required=\"true\" aria-invalid=\"false\"  \/>\n                        <\/div><\/li><li id=\"field_7_26\" class=\"gfield gf_right_half gfield_contains_required field_sublabel_below field_description_below gfield_visibility_visible\" ><label class='gfield_label' for='input_7_26' >Phone number<span class=\"gfield_required\"><span class=\"gfield_required gfield_required_asterisk\">*<\/span><\/span><\/label><div class='ginput_container ginput_container_phone'><input name='input_26' id='input_7_26' type='text' value='' class='medium'   aria-required=\"true\" aria-invalid=\"false\"   \/><\/div><\/li><li id=\"field_7_43\" class=\"gfield gsection field_sublabel_below field_description_below gfield_visibility_visible\" ><h2 class=\"gsection_title\">Your equipment to buy-back<\/h2><\/li><li id=\"field_7_34\" class=\"gfield field_sublabel_below field_description_below gfield_visibility_visible\" ><label class='gfield_label' for='input_7_34' >Brand<\/label><div class='ginput_container ginput_container_select'><select name='input_34' id='input_7_34' class='medium gfield_select'     aria-invalid=\"false\" ><option value='GE' >GE<\/option><option value='Toshiba\/Canon' >Toshiba\/Canon<\/option><option value='Hitachi\/Aloka' >Hitachi\/Aloka<\/option><option value='Philips' >Philips<\/option><option value='Siemens' >Siemens<\/option><option value='Samsung' >Samsung<\/option><option value='Esaote' >Esaote<\/option><option value='Supersonic' >Supersonic<\/option><option value='Autre' >Autre<\/option><\/select><\/div><\/li><li id=\"field_7_35\" class=\"gfield gf_left_third field_sublabel_below field_description_below gfield_visibility_visible\" ><label class='gfield_label' for='input_7_35' >Model<\/label><div class='ginput_container ginput_container_text'><input name='input_35' id='input_7_35' type='text' value='' class='small'      aria-invalid=\"false\"   \/> <\/div><\/li><li id=\"field_7_36\" class=\"gfield gf_middle_third field_sublabel_below field_description_below gfield_visibility_visible\" ><label class='gfield_label' for='input_7_36' >Software version<\/label><div class='ginput_container ginput_container_text'><input name='input_36' id='input_7_36' type='text' value='' class='medium'      aria-invalid=\"false\"   \/> <\/div><\/li><li id=\"field_7_37\" class=\"gfield gf_right_third field_sublabel_below field_description_below gfield_visibility_visible\" ><label class='gfield_label' for='input_7_37' >First commissioning date<\/label><div class='ginput_container ginput_container_date'>\n                            <input name='input_37' id='input_7_37' type='text' value='' class='datepicker mdy datepicker_with_icon gdatepicker_with_icon'   placeholder='mm\/dd\/yyyy' aria-describedby=\"input_7_37_date_format\" aria-invalid=\"false\" \/>\n                            <span id='input_7_37_date_format' class='screen-reader-text'>MM slash DD slash YYYY<\/span>\n                        <\/div>\n                        <input type='hidden' id='gforms_calendar_icon_input_7_37' class='gform_hidden' value='https:\/\/tradusmedical.com\/wp-content\/plugins\/gravityforms\/images\/datepicker\/datepicker.svg'\/><\/li><li id=\"field_7_38\" class=\"gfield field_sublabel_below field_description_below gfield_visibility_visible\" ><label class='gfield_label' for='input_7_38' >Number of probes<\/label><div class='ginput_container ginput_container_slider'><input name='input_38' id='input_7_38' type='number' step='1' min='1' max='5' data-value-visibility='show' data-connect='lower' value='3' class='slider medium' data-min-relation='' data-max-relation='' data-value-format='decimal_dot'     \/><div id='gsfslider_38' class='slider-display gform-theme__disable-reset'><\/div><\/div><\/li><li id=\"field_7_39\" class=\"gfield gf_left_third check-list field_sublabel_below field_description_below gfield_visibility_visible\" ><label class='gfield_label gfield_label_before_complex'  >2D Probes type<\/label><div class='ginput_container ginput_container_checkbox'><ul class='gfield_checkbox' id='input_7_39'><li class='gchoice gchoice_7_39_1'>\n\t\t\t\t\t\t\t\t<input class='gfield-choice-input' name='input_39.1' type='checkbox'  value='Convex'  id='choice_7_39_1'   \/>\n\t\t\t\t\t\t\t\t<label for='choice_7_39_1' id='label_7_39_1'>Convex<\/label>\n\t\t\t\t\t\t\t<\/li><li class='gchoice gchoice_7_39_2'>\n\t\t\t\t\t\t\t\t<input class='gfield-choice-input' name='input_39.2' type='checkbox'  value='Linear'  id='choice_7_39_2'   \/>\n\t\t\t\t\t\t\t\t<label for='choice_7_39_2' id='label_7_39_2'>Linear<\/label>\n\t\t\t\t\t\t\t<\/li><li class='gchoice gchoice_7_39_3'>\n\t\t\t\t\t\t\t\t<input class='gfield-choice-input' name='input_39.3' type='checkbox'  value='Endocavitaire'  id='choice_7_39_3'   \/>\n\t\t\t\t\t\t\t\t<label for='choice_7_39_3' id='label_7_39_3'>Endocavitaire<\/label>\n\t\t\t\t\t\t\t<\/li><li class='gchoice gchoice_7_39_4'>\n\t\t\t\t\t\t\t\t<input class='gfield-choice-input' name='input_39.4' type='checkbox'  value='Endocavitary'  id='choice_7_39_4'   \/>\n\t\t\t\t\t\t\t\t<label for='choice_7_39_4' id='label_7_39_4'>Endocavitary<\/label>\n\t\t\t\t\t\t\t<\/li><li class='gchoice gchoice_7_39_5'>\n\t\t\t\t\t\t\t\t<input class='gfield-choice-input' name='input_39.5' type='checkbox'  value='Sector'  id='choice_7_39_5'   \/>\n\t\t\t\t\t\t\t\t<label for='choice_7_39_5' id='label_7_39_5'>Sector<\/label>\n\t\t\t\t\t\t\t<\/li><\/ul><\/div><\/li><li id=\"field_7_40\" class=\"gfield gf_middle_third check-list field_sublabel_below field_description_below gfield_visibility_visible\" ><label class='gfield_label gfield_label_before_complex'  >3D\/4D Probes type<\/label><div class='ginput_container ginput_container_checkbox'><ul class='gfield_checkbox' id='input_7_40'><li class='gchoice gchoice_7_40_1'>\n\t\t\t\t\t\t\t\t<input class='gfield-choice-input' name='input_40.1' type='checkbox'  value='Convex'  id='choice_7_40_1'   \/>\n\t\t\t\t\t\t\t\t<label for='choice_7_40_1' id='label_7_40_1'>Convex<\/label>\n\t\t\t\t\t\t\t<\/li><li class='gchoice gchoice_7_40_2'>\n\t\t\t\t\t\t\t\t<input class='gfield-choice-input' name='input_40.2' type='checkbox'  value='Linear'  id='choice_7_40_2'   \/>\n\t\t\t\t\t\t\t\t<label for='choice_7_40_2' id='label_7_40_2'>Linear<\/label>\n\t\t\t\t\t\t\t<\/li><li class='gchoice gchoice_7_40_3'>\n\t\t\t\t\t\t\t\t<input class='gfield-choice-input' name='input_40.3' type='checkbox'  value='Endocavitary'  id='choice_7_40_3'   \/>\n\t\t\t\t\t\t\t\t<label for='choice_7_40_3' id='label_7_40_3'>Endocavitary<\/label>\n\t\t\t\t\t\t\t<\/li><li class='gchoice gchoice_7_40_4'>\n\t\t\t\t\t\t\t\t<input class='gfield-choice-input' name='input_40.4' type='checkbox'  value='Micro-convex'  id='choice_7_40_4'   \/>\n\t\t\t\t\t\t\t\t<label for='choice_7_40_4' id='label_7_40_4'>Micro-convex<\/label>\n\t\t\t\t\t\t\t<\/li><\/ul><\/div><\/li><li id=\"field_7_41\" class=\"gfield gf_right_third check-list field_sublabel_below field_description_below gfield_visibility_visible\" ><label class='gfield_label gfield_label_before_complex'  >TEE Probes type<\/label><div class='ginput_container ginput_container_checkbox'><ul class='gfield_checkbox' id='input_7_41'><li class='gchoice gchoice_7_41_1'>\n\t\t\t\t\t\t\t\t<input class='gfield-choice-input' name='input_41.1' type='checkbox'  value='2D'  id='choice_7_41_1'   \/>\n\t\t\t\t\t\t\t\t<label for='choice_7_41_1' id='label_7_41_1'>2D<\/label>\n\t\t\t\t\t\t\t<\/li><li class='gchoice gchoice_7_41_2'>\n\t\t\t\t\t\t\t\t<input class='gfield-choice-input' name='input_41.2' type='checkbox'  value='2D\/3D'  id='choice_7_41_2'   \/>\n\t\t\t\t\t\t\t\t<label for='choice_7_41_2' id='label_7_41_2'>2D\/3D<\/label>\n\t\t\t\t\t\t\t<\/li><\/ul><\/div><\/li><li id=\"field_7_14\" class=\"gfield field_sublabel_below field_description_below gfield_visibility_visible\" ><label class='gfield_label' for='input_7_14' >Comments<\/label><div class='ginput_container ginput_container_textarea'><textarea name='input_14' id='input_7_14' class='textarea small'      aria-invalid=\"false\"   rows='10' cols='50'><\/textarea><\/div><\/li><li id=\"field_7_44\" class=\"gfield field_sublabel_below field_description_below gfield_visibility_visible\" ><label class='gfield_label' for='input_7_44' >CAPTCHA<\/label><div id='input_7_44' class='ginput_container ginput_recaptcha' data-sitekey='6LfJa2QaAAAAAHl0CYhixwz1zcxZrMjWZeSLgOCQ'  data-theme='light' data-tabindex='-1' data-size='invisible' data-badge='bottomright'><\/div><\/li><li id=\"field_7_45\" class=\"gfield gform_validation_container field_sublabel_below field_description_below gfield_visibility_visible\" ><label class='gfield_label' for='input_7_45' >Comments<\/label><div class='ginput_container'><input name='input_45' id='input_7_45' type='text' value='' \/><\/div><div class='gfield_description' id='gfield_description_7_45'>This field is for validation purposes and should be left unchanged.<\/div><\/li><\/ul><\/div>\n        <div class='gform_footer top_label'> <input type='submit' id='gform_submit_button_7' class='gform_button button' value='Send'  onclick='if(window[\"gf_submitting_7\"]){return false;}  window[\"gf_submitting_7\"]=true;  ' onkeypress='if( event.keyCode == 13 ){ if(window[\"gf_submitting_7\"]){return false;} window[\"gf_submitting_7\"]=true;  jQuery(\"#gform_7\").trigger(\"submit\",[true]); }' \/> \n            <input type='hidden' class='gform_hidden' name='is_submit_7' value='1' \/>\n            <input type='hidden' class='gform_hidden' name='gform_submit' value='7' \/>\n            \n            <input type='hidden' class='gform_hidden' name='gform_unique_id' value='' \/>\n            <input type='hidden' class='gform_hidden' name='state_7' value='WyJbXSIsIjVhZTkyZTY5MjliNTRhNDJmN2I2ZmJlMzJmNzg5ZTQ1Il0=' \/>\n            <input type='hidden' class='gform_hidden' name='gform_target_page_number_7' id='gform_target_page_number_7' value='0' \/>\n            <input type='hidden' class='gform_hidden' name='gform_source_page_number_7' id='gform_source_page_number_7' value='1' \/>\n            <input type='hidden' name='gform_field_values' value='' \/>\n            \n        <\/div>\n                        <\/form>\n                        <\/div>[\/vc_column][\/vc_row]\n","protected":false},"excerpt":{"rendered":"<p>[vc_row full_width=&#8221;stretch_row&#8221; bg_type=&#8221;bg_color&#8221; seperator_enable=&#8221;seperator_enable_value&#8221; seperator_type=&#8221;xlarge_triangle_seperator&#8221; seperator_position=&#8221;bottom_seperator&#8221; seperator_svg_height=&#8221;80&#8243; seperator_shape_background=&#8221;#ffffff&#8221; el_id=&#8221;spe-teas&#8221; el_class=&#8221;page-intro&#8221;][vc_column][vc_custom_heading source=&#8221;post_title&#8221; font_container=&#8221;tag:h2|text_align:left|line_height:130%25&#8243; use_theme_fonts=&#8221;yes&#8221; el_class=&#8221;page-intro-tit&#8221;][vc_custom_heading text=&#8221;Our commitment : Equipment evaluation within 48 hours and no purchase conditions for a trade-in offer&#8221; font_container=&#8221;tag:h4|text_align:left&#8221; google_fonts=&#8221;font_family:Roboto%3A100%2C100italic%2C300%2C300italic%2Cregular%2Citalic%2C500%2C500italic%2C700%2C700italic%2C900%2C900italic|font_style:100%20light%20regular%3A100%3Anormal&#8221; el_class=&#8221;page-intro-stit&#8221;][\/vc_column][\/vc_row][vc_row][vc_column][\/vc_column][\/vc_row]<\/p>\n","protected":false},"author":1,"featured_media":0,"parent":0,"menu_order":7,"comment_status":"closed","ping_status":"closed","template":"","meta":[],"yoast_head":"<!-- This site is optimized with the Yoast SEO plugin v21.8.1 - https:\/\/yoast.com\/wordpress\/plugins\/seo\/ -->\n<title>Equipment buy-back  - TradusMedical.com - Mat\u00e9riel radiologique et \u00e9quipement de radiologie d&#039;occasion reconditionn\u00e9 en usine et garantis constructeur. L&#039;imagerie m\u00e9dicale de qualit\u00e9 au meilleur prix.<\/title>\n<meta name=\"description\" content=\"Equipements radiologie, cardiovasculaire et gyn\u00e9cologie, reconditionn\u00e9s en usine et garantis constructeur. Distributeur agr\u00e9\u00e9 GE Healthcare. LOGIQ, Vivid et Voluson. Mat\u00e9riel d\u2019imagerie m\u00e9dicale de qualit\u00e9 \u00e0 prix comp\u00e9titif.\" \/>\n<meta name=\"robots\" content=\"index, follow, max-snippet:-1, max-image-preview:large, max-video-preview:-1\" \/>\n<link rel=\"canonical\" href=\"https:\/\/tradusmedical.com\/en\/equipment-buy-back\" \/>\n<meta property=\"og:locale\" content=\"en_US\" \/>\n<meta property=\"og:type\" content=\"article\" \/>\n<meta property=\"og:title\" content=\"Equipment buy-back  - TradusMedical.com - Mat\u00e9riel radiologique et \u00e9quipement de radiologie d&#039;occasion reconditionn\u00e9 en usine et garantis constructeur. L&#039;imagerie m\u00e9dicale de qualit\u00e9 au meilleur prix.\" \/>\n<meta property=\"og:description\" content=\"Equipements radiologie, cardiovasculaire et gyn\u00e9cologie, reconditionn\u00e9s en usine et garantis constructeur. Distributeur agr\u00e9\u00e9 GE Healthcare. LOGIQ, Vivid et Voluson. Mat\u00e9riel d\u2019imagerie m\u00e9dicale de qualit\u00e9 \u00e0 prix comp\u00e9titif.\" \/>\n<meta property=\"og:url\" content=\"https:\/\/tradusmedical.com\/en\/equipment-buy-back\" \/>\n<meta property=\"og:site_name\" content=\"TradusMedical.com\" \/>\n<meta property=\"article:modified_time\" content=\"2020-05-21T11:37:40+00:00\" \/>\n<meta name=\"twitter:card\" content=\"summary_large_image\" \/>\n<meta name=\"twitter:label1\" content=\"Est. reading time\" \/>\n\t<meta name=\"twitter:data1\" content=\"1 minute\" \/>\n<script type=\"application\/ld+json\" class=\"yoast-schema-graph\">{\"@context\":\"https:\/\/schema.org\",\"@graph\":[{\"@type\":\"WebPage\",\"@id\":\"https:\/\/tradusmedical.com\/en\/equipment-buy-back\",\"url\":\"https:\/\/tradusmedical.com\/en\/equipment-buy-back\",\"name\":\"Equipment buy-back - TradusMedical.com - Mat\u00e9riel radiologique et \u00e9quipement de radiologie d'occasion reconditionn\u00e9 en usine et garantis constructeur. L'imagerie m\u00e9dicale de qualit\u00e9 au meilleur prix.\",\"isPartOf\":{\"@id\":\"https:\/\/tradusmedical.com\/en#website\"},\"datePublished\":\"2019-12-02T19:02:12+00:00\",\"dateModified\":\"2020-05-21T11:37:40+00:00\",\"description\":\"Equipements radiologie, cardiovasculaire et gyn\u00e9cologie, reconditionn\u00e9s en usine et garantis constructeur. Distributeur agr\u00e9\u00e9 GE Healthcare. LOGIQ, Vivid et Voluson. Mat\u00e9riel d\u2019imagerie m\u00e9dicale de qualit\u00e9 \u00e0 prix comp\u00e9titif.\",\"breadcrumb\":{\"@id\":\"https:\/\/tradusmedical.com\/en\/equipment-buy-back#breadcrumb\"},\"inLanguage\":\"en-US\",\"potentialAction\":[{\"@type\":\"ReadAction\",\"target\":[\"https:\/\/tradusmedical.com\/en\/equipment-buy-back\"]}]},{\"@type\":\"BreadcrumbList\",\"@id\":\"https:\/\/tradusmedical.com\/en\/equipment-buy-back#breadcrumb\",\"itemListElement\":[{\"@type\":\"ListItem\",\"position\":1,\"name\":\"Accueil\",\"item\":\"https:\/\/tradusmedical.com\/en\"},{\"@type\":\"ListItem\",\"position\":2,\"name\":\"Equipment buy-back\"}]},{\"@type\":\"WebSite\",\"@id\":\"https:\/\/tradusmedical.com\/en#website\",\"url\":\"https:\/\/tradusmedical.com\/en\",\"name\":\"TradusMedical.com\",\"description\":\"Mat\u00e9riel radiologique et \u00e9quipement de radiologie d&#039;occasion reconditionn\u00e9 en usine et garantis constructeur. L&#039;imagerie m\u00e9dicale de qualit\u00e9 au meilleur prix.\",\"publisher\":{\"@id\":\"https:\/\/tradusmedical.com\/en#organization\"},\"potentialAction\":[{\"@type\":\"SearchAction\",\"target\":{\"@type\":\"EntryPoint\",\"urlTemplate\":\"https:\/\/tradusmedical.com\/en?s={search_term_string}\"},\"query-input\":\"required name=search_term_string\"}],\"inLanguage\":\"en-US\"},{\"@type\":\"Organization\",\"@id\":\"https:\/\/tradusmedical.com\/en#organization\",\"name\":\"Tradus Medical\",\"url\":\"https:\/\/tradusmedical.com\/en\",\"logo\":{\"@type\":\"ImageObject\",\"inLanguage\":\"en-US\",\"@id\":\"https:\/\/tradusmedical.com\/en#\/schema\/logo\/image\/\",\"url\":\"https:\/\/tradusmedical.com\/wp-content\/uploads\/2019\/12\/tradus-medical-logo.png\",\"contentUrl\":\"https:\/\/tradusmedical.com\/wp-content\/uploads\/2019\/12\/tradus-medical-logo.png\",\"width\":397,\"height\":72,\"caption\":\"Tradus Medical\"},\"image\":{\"@id\":\"https:\/\/tradusmedical.com\/en#\/schema\/logo\/image\/\"}}]}<\/script>\n<!-- \/ Yoast SEO plugin. -->","yoast_head_json":{"title":"Equipment buy-back  - TradusMedical.com - Mat\u00e9riel radiologique et \u00e9quipement de radiologie d'occasion reconditionn\u00e9 en usine et garantis constructeur. L'imagerie m\u00e9dicale de qualit\u00e9 au meilleur prix.","description":"Equipements radiologie, cardiovasculaire et gyn\u00e9cologie, reconditionn\u00e9s en usine et garantis constructeur. Distributeur agr\u00e9\u00e9 GE Healthcare. LOGIQ, Vivid et Voluson. Mat\u00e9riel d\u2019imagerie m\u00e9dicale de qualit\u00e9 \u00e0 prix comp\u00e9titif.","robots":{"index":"index","follow":"follow","max-snippet":"max-snippet:-1","max-image-preview":"max-image-preview:large","max-video-preview":"max-video-preview:-1"},"canonical":"https:\/\/tradusmedical.com\/en\/equipment-buy-back","og_locale":"en_US","og_type":"article","og_title":"Equipment buy-back  - TradusMedical.com - Mat\u00e9riel radiologique et \u00e9quipement de radiologie d'occasion reconditionn\u00e9 en usine et garantis constructeur. L'imagerie m\u00e9dicale de qualit\u00e9 au meilleur prix.","og_description":"Equipements radiologie, cardiovasculaire et gyn\u00e9cologie, reconditionn\u00e9s en usine et garantis constructeur. Distributeur agr\u00e9\u00e9 GE Healthcare. LOGIQ, Vivid et Voluson. Mat\u00e9riel d\u2019imagerie m\u00e9dicale de qualit\u00e9 \u00e0 prix comp\u00e9titif.","og_url":"https:\/\/tradusmedical.com\/en\/equipment-buy-back","og_site_name":"TradusMedical.com","article_modified_time":"2020-05-21T11:37:40+00:00","twitter_card":"summary_large_image","twitter_misc":{"Est. reading time":"1 minute"},"schema":{"@context":"https:\/\/schema.org","@graph":[{"@type":"WebPage","@id":"https:\/\/tradusmedical.com\/en\/equipment-buy-back","url":"https:\/\/tradusmedical.com\/en\/equipment-buy-back","name":"Equipment buy-back - TradusMedical.com - Mat\u00e9riel radiologique et \u00e9quipement de radiologie d'occasion reconditionn\u00e9 en usine et garantis constructeur. L'imagerie m\u00e9dicale de qualit\u00e9 au meilleur prix.","isPartOf":{"@id":"https:\/\/tradusmedical.com\/en#website"},"datePublished":"2019-12-02T19:02:12+00:00","dateModified":"2020-05-21T11:37:40+00:00","description":"Equipements radiologie, cardiovasculaire et gyn\u00e9cologie, reconditionn\u00e9s en usine et garantis constructeur. Distributeur agr\u00e9\u00e9 GE Healthcare. LOGIQ, Vivid et Voluson. Mat\u00e9riel d\u2019imagerie m\u00e9dicale de qualit\u00e9 \u00e0 prix comp\u00e9titif.","breadcrumb":{"@id":"https:\/\/tradusmedical.com\/en\/equipment-buy-back#breadcrumb"},"inLanguage":"en-US","potentialAction":[{"@type":"ReadAction","target":["https:\/\/tradusmedical.com\/en\/equipment-buy-back"]}]},{"@type":"BreadcrumbList","@id":"https:\/\/tradusmedical.com\/en\/equipment-buy-back#breadcrumb","itemListElement":[{"@type":"ListItem","position":1,"name":"Accueil","item":"https:\/\/tradusmedical.com\/en"},{"@type":"ListItem","position":2,"name":"Equipment buy-back"}]},{"@type":"WebSite","@id":"https:\/\/tradusmedical.com\/en#website","url":"https:\/\/tradusmedical.com\/en","name":"TradusMedical.com","description":"Mat\u00e9riel radiologique et \u00e9quipement de radiologie d&#039;occasion reconditionn\u00e9 en usine et garantis constructeur. L&#039;imagerie m\u00e9dicale de qualit\u00e9 au meilleur prix.","publisher":{"@id":"https:\/\/tradusmedical.com\/en#organization"},"potentialAction":[{"@type":"SearchAction","target":{"@type":"EntryPoint","urlTemplate":"https:\/\/tradusmedical.com\/en?s={search_term_string}"},"query-input":"required name=search_term_string"}],"inLanguage":"en-US"},{"@type":"Organization","@id":"https:\/\/tradusmedical.com\/en#organization","name":"Tradus Medical","url":"https:\/\/tradusmedical.com\/en","logo":{"@type":"ImageObject","inLanguage":"en-US","@id":"https:\/\/tradusmedical.com\/en#\/schema\/logo\/image\/","url":"https:\/\/tradusmedical.com\/wp-content\/uploads\/2019\/12\/tradus-medical-logo.png","contentUrl":"https:\/\/tradusmedical.com\/wp-content\/uploads\/2019\/12\/tradus-medical-logo.png","width":397,"height":72,"caption":"Tradus Medical"},"image":{"@id":"https:\/\/tradusmedical.com\/en#\/schema\/logo\/image\/"}}]}},"_links":{"self":[{"href":"https:\/\/tradusmedical.com\/en\/wp-json\/wp\/v2\/pages\/352"}],"collection":[{"href":"https:\/\/tradusmedical.com\/en\/wp-json\/wp\/v2\/pages"}],"about":[{"href":"https:\/\/tradusmedical.com\/en\/wp-json\/wp\/v2\/types\/page"}],"author":[{"embeddable":true,"href":"https:\/\/tradusmedical.com\/en\/wp-json\/wp\/v2\/users\/1"}],"replies":[{"embeddable":true,"href":"https:\/\/tradusmedical.com\/en\/wp-json\/wp\/v2\/comments?post=352"}],"version-history":[{"count":5,"href":"https:\/\/tradusmedical.com\/en\/wp-json\/wp\/v2\/pages\/352\/revisions"}],"predecessor-version":[{"id":947,"href":"https:\/\/tradusmedical.com\/en\/wp-json\/wp\/v2\/pages\/352\/revisions\/947"}],"wp:attachment":[{"href":"https:\/\/tradusmedical.com\/en\/wp-json\/wp\/v2\/media?parent=352"}],"curies":[{"name":"wp","href":"https:\/\/api.w.org\/{rel}","templated":true}]}}