{"id":349,"date":"2019-12-02T20:02:12","date_gmt":"2019-12-02T19:02:12","guid":{"rendered":"https:\/\/tradusmedical.com\/offres-promotionnelles"},"modified":"2020-05-21T16:10:20","modified_gmt":"2020-05-21T14:10:20","slug":"special-offers","status":"publish","type":"page","link":"https:\/\/tradusmedical.com\/en\/special-offers","title":{"rendered":"Special offers"},"content":{"rendered":"[vc_row full_width=&#8221;stretch_row&#8221; bg_type=&#8221;bg_color&#8221; seperator_enable=&#8221;seperator_enable_value&#8221; seperator_type=&#8221;xlarge_triangle_seperator&#8221; seperator_position=&#8221;bottom_seperator&#8221; seperator_svg_height=&#8221;80&#8243; seperator_shape_background=&#8221;#ffffff&#8221; el_id=&#8221;spe-teas&#8221; el_class=&#8221;page-intro&#8221;][vc_column][vc_custom_heading source=&#8221;post_title&#8221; font_container=&#8221;tag:h2|text_align:left|line_height:130%25&#8243; use_theme_fonts=&#8221;yes&#8221; el_class=&#8221;page-intro-tit&#8221;][vc_custom_heading text=&#8221;In view of the strong market demand for some types of equipment and their scarcity to have it quickly, our promotional offers are subject to change very regularly. Do not hesitate to contact us for any specific request.&#8221; font_container=&#8221;tag:h4|text_align:left&#8221; google_fonts=&#8221;font_family:Roboto%3A100%2C100italic%2C300%2C300italic%2Cregular%2Citalic%2C500%2C500italic%2C700%2C700italic%2C900%2C900italic|font_style:100%20light%20regular%3A100%3Anormal&#8221; el_class=&#8221;page-intro-stit&#8221;][\/vc_column][\/vc_row][vc_row equal_height=&#8221;yes&#8221; content_placement=&#8221;top&#8221; el_class=&#8221;grid-grp-row&#8221;][vc_column el_id=&#8221;premium&#8221; el_class=&#8221;grid-grp-col&#8221;][vc_row_inner el_class=&#8221;grid-grp-hrd&#8221;][vc_column_inner el_class=&#8221;grid-grp-hrd-col&#8221;][vc_custom_heading text=&#8221;Currently available\u2026&#8221; use_theme_fonts=&#8221;yes&#8221; el_class=&#8221;grid-grp-hrd-tit&#8221;][\/vc_column_inner][\/vc_row_inner][vc_column_text el_class=&#8221;grid-grp-loop&#8221;]\n\n\n<div id=\"wpv-view-layout-949-CATTR41fad710ba6c9e4b8772b64affd4b146\" class=\"js-wpv-view-layout js-wpv-layout-responsive js-wpv-view-layout-949-CATTR41fad710ba6c9e4b8772b64affd4b146\" data-viewnumber=\"949-CATTR41fad710ba6c9e4b8772b64affd4b146\" data-pagination=\"{&quot;id&quot;:949,&quot;query&quot;:&quot;normal&quot;,&quot;type&quot;:&quot;disabled&quot;,&quot;effect&quot;:&quot;fade&quot;,&quot;duration&quot;:500,&quot;speed&quot;:5,&quot;pause_on_hover&quot;:&quot;disabled&quot;,&quot;stop_rollover&quot;:&quot;false&quot;,&quot;cache_pages&quot;:&quot;enabled&quot;,&quot;preload_images&quot;:&quot;enabled&quot;,&quot;preload_pages&quot;:&quot;enabled&quot;,&quot;preload_reach&quot;:1,&quot;spinner&quot;:&quot;builtin&quot;,&quot;spinner_image&quot;:&quot;https:\/\/tradusmedical.com\/wp-content\/plugins\/wp-views\/embedded\/res\/img\/ajax-loader.gif&quot;,&quot;callback_next&quot;:&quot;&quot;,&quot;manage_history&quot;:&quot;enabled&quot;,&quot;has_controls_in_form&quot;:&quot;disabled&quot;,&quot;infinite_tolerance&quot;:0,&quot;max_pages&quot;:0,&quot;page&quot;:1,&quot;base_permalink&quot;:&quot;\/en\/wp-json\/wp\/v2\/pages\/349?wpv_view_count=949-CATTR41fad710ba6c9e4b8772b64affd4b146&amp;wpv_paged=WPV_PAGE_NUM&quot;,&quot;loop&quot;:{&quot;type&quot;:&quot;&quot;,&quot;name&quot;:&quot;&quot;,&quot;data&quot;:[],&quot;id&quot;:0}}\" data-permalink=\"\/en\/wp-json\/wp\/v2\/pages\/349?wpv_view_count=949-CATTR41fad710ba6c9e4b8772b64affd4b146\">\n\n\n\n<div class=\"grid-container\" style=\"grid-template-columns: repeat(1, 1fr);\">\n   \n    \n    \n<div class=\"grid-cell\">\n  <div class=\"grid-card\">\n      <img decoding=\"async\" src=\"https:\/\/tradusmedical.com\/wp-content\/uploads\/2019\/12\/GE-_ealthcare-mini.png\" title=\"GE Healthcare\" class=\"grid-card-logo\"><br>\n      <h3 class=\"grid-card-title\">Voluson\u2122 E8<\/h3>\n    <div class=\"grid-card-img grid-card-img-top\" style=\"background-image:url('https:\/\/tradusmedical.com\/wp-content\/uploads\/Voluson-E8-main-image.jpg'\">\u00a0<\/div>\n    <div class=\"grid-card-body\">\n      <div class=\"grid-card-text\">Diagnostic and extraordinary confidence mink<\/div><br>\n      <a href=\"https:\/\/tradusmedical.com\/en\/produit\/voluson-e8\" class=\"btn btn-lg btn-block grid-btn\" role=\"button\" aria-pressed=\"true\">\n        See the product\n        \n      <\/a>\n    <\/div>\n  <\/div>\n<\/div>\n\n    \n<\/div>\n\n\n\n\n<\/div>[\/vc_column_text][\/vc_column][\/vc_row]\n","protected":false},"excerpt":{"rendered":"<p>[vc_row full_width=&#8221;stretch_row&#8221; bg_type=&#8221;bg_color&#8221; seperator_enable=&#8221;seperator_enable_value&#8221; seperator_type=&#8221;xlarge_triangle_seperator&#8221; seperator_position=&#8221;bottom_seperator&#8221; seperator_svg_height=&#8221;80&#8243; seperator_shape_background=&#8221;#ffffff&#8221; el_id=&#8221;spe-teas&#8221; el_class=&#8221;page-intro&#8221;][vc_column][vc_custom_heading source=&#8221;post_title&#8221; font_container=&#8221;tag:h2|text_align:left|line_height:130%25&#8243; use_theme_fonts=&#8221;yes&#8221; el_class=&#8221;page-intro-tit&#8221;][vc_custom_heading text=&#8221;In view of the strong market demand for some types of equipment and their scarcity to have it quickly, our promotional offers are subject to change very regularly. Do not hesitate to contact us for any specific request.&#8221; font_container=&#8221;tag:h4|text_align:left&#8221; google_fonts=&#8221;font_family:Roboto%3A100%2C100italic%2C300%2C300italic%2Cregular%2Citalic%2C500%2C500italic%2C700%2C700italic%2C900%2C900italic|font_style:100%20light%20regular%3A100%3Anormal&#8221; el_class=&#8221;page-intro-stit&#8221;][\/vc_column][\/vc_row][vc_row equal_height=&#8221;yes&#8221; content_placement=&#8221;top&#8221; el_class=&#8221;grid-grp-row&#8221;][vc_column el_id=&#8221;premium&#8221; el_class=&#8221;grid-grp-col&#8221;][vc_row_inner el_class=&#8221;grid-grp-hrd&#8221;][vc_column_inner el_class=&#8221;grid-grp-hrd-col&#8221;][vc_custom_heading text=&#8221;Currently available\u2026&#8221; use_theme_fonts=&#8221;yes&#8221; el_class=&#8221;grid-grp-hrd-tit&#8221;][\/vc_column_inner][\/vc_row_inner][vc_column_text el_class=&#8221;grid-grp-loop&#8221;] Voluson\u2122 E8 \u00a0 Diagnostic and extraordinary confidence mink See the product [\/vc_column_text][\/vc_column][\/vc_row]<\/p>\n","protected":false},"author":1,"featured_media":0,"parent":0,"menu_order":6,"comment_status":"closed","ping_status":"closed","template":"","meta":[],"yoast_head":"<!-- This site is optimized with the Yoast SEO plugin v21.8.1 - https:\/\/yoast.com\/wordpress\/plugins\/seo\/ -->\n<title>Special offers  - TradusMedical.com - Mat\u00e9riel radiologique et \u00e9quipement de radiologie d&#039;occasion reconditionn\u00e9 en usine et garantis constructeur. L&#039;imagerie m\u00e9dicale de qualit\u00e9 au meilleur prix.<\/title>\n<meta name=\"description\" content=\"Equipements radiologie, cardiovasculaire et gyn\u00e9cologie, reconditionn\u00e9s en usine et garantis constructeur. Distributeur agr\u00e9\u00e9 GE Healthcare. LOGIQ, Vivid et Voluson. Mat\u00e9riel d\u2019imagerie m\u00e9dicale de qualit\u00e9 \u00e0 prix comp\u00e9titif.\" \/>\n<meta name=\"robots\" content=\"index, follow, max-snippet:-1, max-image-preview:large, max-video-preview:-1\" \/>\n<link rel=\"canonical\" href=\"https:\/\/tradusmedical.com\/en\/special-offers\" \/>\n<meta property=\"og:locale\" content=\"en_US\" \/>\n<meta property=\"og:type\" content=\"article\" \/>\n<meta property=\"og:title\" content=\"Special offers  - TradusMedical.com - Mat\u00e9riel radiologique et \u00e9quipement de radiologie d&#039;occasion reconditionn\u00e9 en usine et garantis constructeur. L&#039;imagerie m\u00e9dicale de qualit\u00e9 au meilleur prix.\" \/>\n<meta property=\"og:description\" content=\"Equipements radiologie, cardiovasculaire et gyn\u00e9cologie, reconditionn\u00e9s en usine et garantis constructeur. Distributeur agr\u00e9\u00e9 GE Healthcare. LOGIQ, Vivid et Voluson. Mat\u00e9riel d\u2019imagerie m\u00e9dicale de qualit\u00e9 \u00e0 prix comp\u00e9titif.\" \/>\n<meta property=\"og:url\" content=\"https:\/\/tradusmedical.com\/en\/special-offers\" \/>\n<meta property=\"og:site_name\" content=\"TradusMedical.com\" \/>\n<meta property=\"article:modified_time\" content=\"2020-05-21T14:10:20+00:00\" \/>\n<meta name=\"twitter:card\" content=\"summary_large_image\" \/>\n<meta name=\"twitter:label1\" content=\"Est. reading time\" \/>\n\t<meta name=\"twitter:data1\" content=\"1 minute\" \/>\n<script type=\"application\/ld+json\" class=\"yoast-schema-graph\">{\"@context\":\"https:\/\/schema.org\",\"@graph\":[{\"@type\":\"WebPage\",\"@id\":\"https:\/\/tradusmedical.com\/en\/special-offers\",\"url\":\"https:\/\/tradusmedical.com\/en\/special-offers\",\"name\":\"Special offers - TradusMedical.com - Mat\u00e9riel radiologique et \u00e9quipement de radiologie d'occasion reconditionn\u00e9 en usine et garantis constructeur. L'imagerie m\u00e9dicale de qualit\u00e9 au meilleur prix.\",\"isPartOf\":{\"@id\":\"https:\/\/tradusmedical.com\/en#website\"},\"datePublished\":\"2019-12-02T19:02:12+00:00\",\"dateModified\":\"2020-05-21T14:10:20+00:00\",\"description\":\"Equipements radiologie, cardiovasculaire et gyn\u00e9cologie, reconditionn\u00e9s en usine et garantis constructeur. Distributeur agr\u00e9\u00e9 GE Healthcare. LOGIQ, Vivid et Voluson. Mat\u00e9riel d\u2019imagerie m\u00e9dicale de qualit\u00e9 \u00e0 prix comp\u00e9titif.\",\"breadcrumb\":{\"@id\":\"https:\/\/tradusmedical.com\/en\/special-offers#breadcrumb\"},\"inLanguage\":\"en-US\",\"potentialAction\":[{\"@type\":\"ReadAction\",\"target\":[\"https:\/\/tradusmedical.com\/en\/special-offers\"]}]},{\"@type\":\"BreadcrumbList\",\"@id\":\"https:\/\/tradusmedical.com\/en\/special-offers#breadcrumb\",\"itemListElement\":[{\"@type\":\"ListItem\",\"position\":1,\"name\":\"Accueil\",\"item\":\"https:\/\/tradusmedical.com\/en\"},{\"@type\":\"ListItem\",\"position\":2,\"name\":\"Special offers\"}]},{\"@type\":\"WebSite\",\"@id\":\"https:\/\/tradusmedical.com\/en#website\",\"url\":\"https:\/\/tradusmedical.com\/en\",\"name\":\"TradusMedical.com\",\"description\":\"Mat\u00e9riel radiologique et \u00e9quipement de radiologie d&#039;occasion reconditionn\u00e9 en usine et garantis constructeur. L&#039;imagerie m\u00e9dicale de qualit\u00e9 au meilleur prix.\",\"publisher\":{\"@id\":\"https:\/\/tradusmedical.com\/en#organization\"},\"potentialAction\":[{\"@type\":\"SearchAction\",\"target\":{\"@type\":\"EntryPoint\",\"urlTemplate\":\"https:\/\/tradusmedical.com\/en?s={search_term_string}\"},\"query-input\":\"required name=search_term_string\"}],\"inLanguage\":\"en-US\"},{\"@type\":\"Organization\",\"@id\":\"https:\/\/tradusmedical.com\/en#organization\",\"name\":\"Tradus Medical\",\"url\":\"https:\/\/tradusmedical.com\/en\",\"logo\":{\"@type\":\"ImageObject\",\"inLanguage\":\"en-US\",\"@id\":\"https:\/\/tradusmedical.com\/en#\/schema\/logo\/image\/\",\"url\":\"https:\/\/tradusmedical.com\/wp-content\/uploads\/2019\/12\/tradus-medical-logo.png\",\"contentUrl\":\"https:\/\/tradusmedical.com\/wp-content\/uploads\/2019\/12\/tradus-medical-logo.png\",\"width\":397,\"height\":72,\"caption\":\"Tradus Medical\"},\"image\":{\"@id\":\"https:\/\/tradusmedical.com\/en#\/schema\/logo\/image\/\"}}]}<\/script>\n<!-- \/ Yoast SEO plugin. -->","yoast_head_json":{"title":"Special offers  - TradusMedical.com - Mat\u00e9riel radiologique et \u00e9quipement de radiologie d'occasion reconditionn\u00e9 en usine et garantis constructeur. L'imagerie m\u00e9dicale de qualit\u00e9 au meilleur prix.","description":"Equipements radiologie, cardiovasculaire et gyn\u00e9cologie, reconditionn\u00e9s en usine et garantis constructeur. Distributeur agr\u00e9\u00e9 GE Healthcare. LOGIQ, Vivid et Voluson. Mat\u00e9riel d\u2019imagerie m\u00e9dicale de qualit\u00e9 \u00e0 prix comp\u00e9titif.","robots":{"index":"index","follow":"follow","max-snippet":"max-snippet:-1","max-image-preview":"max-image-preview:large","max-video-preview":"max-video-preview:-1"},"canonical":"https:\/\/tradusmedical.com\/en\/special-offers","og_locale":"en_US","og_type":"article","og_title":"Special offers  - TradusMedical.com - Mat\u00e9riel radiologique et \u00e9quipement de radiologie d'occasion reconditionn\u00e9 en usine et garantis constructeur. L'imagerie m\u00e9dicale de qualit\u00e9 au meilleur prix.","og_description":"Equipements radiologie, cardiovasculaire et gyn\u00e9cologie, reconditionn\u00e9s en usine et garantis constructeur. Distributeur agr\u00e9\u00e9 GE Healthcare. LOGIQ, Vivid et Voluson. Mat\u00e9riel d\u2019imagerie m\u00e9dicale de qualit\u00e9 \u00e0 prix comp\u00e9titif.","og_url":"https:\/\/tradusmedical.com\/en\/special-offers","og_site_name":"TradusMedical.com","article_modified_time":"2020-05-21T14:10:20+00:00","twitter_card":"summary_large_image","twitter_misc":{"Est. reading time":"1 minute"},"schema":{"@context":"https:\/\/schema.org","@graph":[{"@type":"WebPage","@id":"https:\/\/tradusmedical.com\/en\/special-offers","url":"https:\/\/tradusmedical.com\/en\/special-offers","name":"Special offers - TradusMedical.com - Mat\u00e9riel radiologique et \u00e9quipement de radiologie d'occasion reconditionn\u00e9 en usine et garantis constructeur. L'imagerie m\u00e9dicale de qualit\u00e9 au meilleur prix.","isPartOf":{"@id":"https:\/\/tradusmedical.com\/en#website"},"datePublished":"2019-12-02T19:02:12+00:00","dateModified":"2020-05-21T14:10:20+00:00","description":"Equipements radiologie, cardiovasculaire et gyn\u00e9cologie, reconditionn\u00e9s en usine et garantis constructeur. Distributeur agr\u00e9\u00e9 GE Healthcare. LOGIQ, Vivid et Voluson. Mat\u00e9riel d\u2019imagerie m\u00e9dicale de qualit\u00e9 \u00e0 prix comp\u00e9titif.","breadcrumb":{"@id":"https:\/\/tradusmedical.com\/en\/special-offers#breadcrumb"},"inLanguage":"en-US","potentialAction":[{"@type":"ReadAction","target":["https:\/\/tradusmedical.com\/en\/special-offers"]}]},{"@type":"BreadcrumbList","@id":"https:\/\/tradusmedical.com\/en\/special-offers#breadcrumb","itemListElement":[{"@type":"ListItem","position":1,"name":"Accueil","item":"https:\/\/tradusmedical.com\/en"},{"@type":"ListItem","position":2,"name":"Special offers"}]},{"@type":"WebSite","@id":"https:\/\/tradusmedical.com\/en#website","url":"https:\/\/tradusmedical.com\/en","name":"TradusMedical.com","description":"Mat\u00e9riel radiologique et \u00e9quipement de radiologie d&#039;occasion reconditionn\u00e9 en usine et garantis constructeur. L&#039;imagerie m\u00e9dicale de qualit\u00e9 au meilleur prix.","publisher":{"@id":"https:\/\/tradusmedical.com\/en#organization"},"potentialAction":[{"@type":"SearchAction","target":{"@type":"EntryPoint","urlTemplate":"https:\/\/tradusmedical.com\/en?s={search_term_string}"},"query-input":"required name=search_term_string"}],"inLanguage":"en-US"},{"@type":"Organization","@id":"https:\/\/tradusmedical.com\/en#organization","name":"Tradus Medical","url":"https:\/\/tradusmedical.com\/en","logo":{"@type":"ImageObject","inLanguage":"en-US","@id":"https:\/\/tradusmedical.com\/en#\/schema\/logo\/image\/","url":"https:\/\/tradusmedical.com\/wp-content\/uploads\/2019\/12\/tradus-medical-logo.png","contentUrl":"https:\/\/tradusmedical.com\/wp-content\/uploads\/2019\/12\/tradus-medical-logo.png","width":397,"height":72,"caption":"Tradus Medical"},"image":{"@id":"https:\/\/tradusmedical.com\/en#\/schema\/logo\/image\/"}}]}},"_links":{"self":[{"href":"https:\/\/tradusmedical.com\/en\/wp-json\/wp\/v2\/pages\/349"}],"collection":[{"href":"https:\/\/tradusmedical.com\/en\/wp-json\/wp\/v2\/pages"}],"about":[{"href":"https:\/\/tradusmedical.com\/en\/wp-json\/wp\/v2\/types\/page"}],"author":[{"embeddable":true,"href":"https:\/\/tradusmedical.com\/en\/wp-json\/wp\/v2\/users\/1"}],"replies":[{"embeddable":true,"href":"https:\/\/tradusmedical.com\/en\/wp-json\/wp\/v2\/comments?post=349"}],"version-history":[{"count":6,"href":"https:\/\/tradusmedical.com\/en\/wp-json\/wp\/v2\/pages\/349\/revisions"}],"predecessor-version":[{"id":956,"href":"https:\/\/tradusmedical.com\/en\/wp-json\/wp\/v2\/pages\/349\/revisions\/956"}],"wp:attachment":[{"href":"https:\/\/tradusmedical.com\/en\/wp-json\/wp\/v2\/media?parent=349"}],"curies":[{"name":"wp","href":"https:\/\/api.w.org\/{rel}","templated":true}]}}