{"id":137,"date":"2019-12-02T20:02:11","date_gmt":"2019-12-02T19:02:11","guid":{"rendered":"https:\/\/tradusmedical.com\/accueil"},"modified":"2020-05-21T13:55:51","modified_gmt":"2020-05-21T11:55:51","slug":"accueil","status":"publish","type":"page","link":"https:\/\/tradusmedical.com\/en","title":{"rendered":"Home"},"content":{"rendered":"[vc_row][vc_column][vc_empty_space height=&#8221;2em&#8221;][vc_custom_heading text=&#8221;Our mission : Providing flexible offers, high quality products at very competitive prices to answer to your patient clinical needs&#8221; font_container=&#8221;tag:h3|text_align:center|color:%23000000&#8243; use_theme_fonts=&#8221;yes&#8221;][\/vc_column][\/vc_row][vc_row][vc_column width=&#8221;1\/3&#8243;]<div class=\"aio-icon-component   start-box gamme-1 style_1\"><a class=\"aio-icon-box-link\" href=\"https:\/\/tradusmedical.com\/gamme-radiologie\" title=\"Gamme Radiologie\" ><div id=\"Info-box-wrap-9043\" class=\"aio-icon-box square_box-icon\" style=\"border-style:solid;\"  ><div class=\"aio-icon-header\" ><h5 class=\"aio-icon-title ult-responsive\"  data-ultimate-target='#Info-box-wrap-9043 .aio-icon-title'  data-responsive-json-new='{\"font-size\":\"\",\"line-height\":\"\"}'  style=\"\">Radiology<\/h5><\/div> <!-- header --><div class=\"aio-icon-description ult-responsive\"  data-ultimate-target='#Info-box-wrap-9043 .aio-icon-description'  data-responsive-json-new='{\"font-size\":\"\",\"line-height\":\"\"}'  style=\"\">\n<h3 style=\"text-align: center;\"><strong>LOGIQ\u2122<\/strong><\/h3>\n<p style=\"text-align: center;\">The versatility you ask<\/p>\n<\/div> <!-- description --><\/div> <!-- aio-icon-box --><\/a><\/div> <!-- aio-icon-component -->[vc_btn title=&#8221;Discover our Products&#8221; size=&#8221;lg&#8221; align=&#8221;center&#8221; button_block=&#8221;true&#8221; link=&#8221;url:https%3A%2F%2Ftradusmedical.com%2Fen%2Fradiology-products|title:Gamme%20Radiologie||&#8221;][\/vc_column][vc_column width=&#8221;1\/3&#8243;]<div class=\"aio-icon-component   start-box gamme-2 style_1\"><a class=\"aio-icon-box-link\" href=\"https:\/\/tradusmedical.com\/gamme-cardiologie-vasculaire\" title=\"Gamme Cardiologie &amp; Vasculaire\" ><div id=\"Info-box-wrap-5859\" class=\"aio-icon-box square_box-icon\" style=\"border-style:solid;\"  ><div class=\"aio-icon-header\" ><h5 class=\"aio-icon-title ult-responsive\"  data-ultimate-target='#Info-box-wrap-5859 .aio-icon-title'  data-responsive-json-new='{\"font-size\":\"\",\"line-height\":\"\"}'  style=\"\">Cardiovascular<\/h5><\/div> <!-- header --><div class=\"aio-icon-description ult-responsive\"  data-ultimate-target='#Info-box-wrap-5859 .aio-icon-description'  data-responsive-json-new='{\"font-size\":\"\",\"line-height\":\"\"}'  style=\"\">\n<h3 style=\"text-align: center;\"><strong>VIVID\u2122<\/strong><\/h3>\n<p style=\"text-align: center;\">The expertise you expect<\/p>\n<\/div> <!-- description --><\/div> <!-- aio-icon-box --><\/a><\/div> <!-- aio-icon-component -->[vc_btn title=&#8221;Discover our Products&#8221; size=&#8221;lg&#8221; align=&#8221;center&#8221; button_block=&#8221;true&#8221; link=&#8221;url:https%3A%2F%2Ftradusmedical.com%2Fen%2Fcardiology-vascular-products|title:Gamme%20Radiologie||&#8221;][\/vc_column][vc_column width=&#8221;1\/3&#8243;]<div class=\"aio-icon-component   start-box gamme-3 style_1\"><a class=\"aio-icon-box-link\" href=\"https:\/\/tradusmedical.com\/gamme-gynecologie-obstetrique\" title=\"Gamme gyn\u00e9cologie &amp; obst\u00e9trique\" ><div id=\"Info-box-wrap-4116\" class=\"aio-icon-box square_box-icon\" style=\"border-style:solid;\"  ><div class=\"aio-icon-header\" ><h5 class=\"aio-icon-title ult-responsive\"  data-ultimate-target='#Info-box-wrap-4116 .aio-icon-title'  data-responsive-json-new='{\"font-size\":\"\",\"line-height\":\"\"}'  style=\"\">Gynecology &amp; Obstetrics<\/h5><\/div> <!-- header --><div class=\"aio-icon-description ult-responsive\"  data-ultimate-target='#Info-box-wrap-4116 .aio-icon-description'  data-responsive-json-new='{\"font-size\":\"\",\"line-height\":\"\"}'  style=\"\">\n<h3 style=\"text-align: center;\"><strong>VOLUSON\u2122<\/strong><\/h3>\n<p style=\"text-align: center;\">The excellence you demand<\/p>\n<\/div> <!-- description --><\/div> <!-- aio-icon-box --><\/a><\/div> <!-- aio-icon-component -->[vc_btn title=&#8221;Discover our Products&#8221; size=&#8221;lg&#8221; align=&#8221;center&#8221; button_block=&#8221;true&#8221; link=&#8221;url:https%3A%2F%2Ftradusmedical.com%2Fen%2Fobstetric-gynecology-products|title:Gamme%20Radiologie||&#8221;][\/vc_column][\/vc_row][vc_row][vc_column][vc_empty_space height=&#8221;1em&#8221;][vc_column_text]\n<p style=\"text-align: center;\">The products are <strong>factory refurbished<\/strong> by the manufacturer and are <strong>guaranteed<\/strong> by GE Healthcare\u00a0 <img decoding=\"async\" loading=\"lazy\" class=\"alignnone wp-image-594\" src=\"https:\/\/tradusmedical.com\/wp-content\/uploads\/tradus-medical_logo-GE-helathcare-mini-color.png\" alt=\"\" width=\"45\" height=\"44\" srcset=\"https:\/\/tradusmedical.com\/wp-content\/uploads\/tradus-medical_logo-GE-helathcare-mini-color.png 256w, https:\/\/tradusmedical.com\/wp-content\/uploads\/tradus-medical_logo-GE-helathcare-mini-color-150x150.png 150w, https:\/\/tradusmedical.com\/wp-content\/uploads\/tradus-medical_logo-GE-helathcare-mini-color-300x294.png 300w, https:\/\/tradusmedical.com\/wp-content\/uploads\/tradus-medical_logo-GE-helathcare-mini-color-1024x1004.png 1024w\" sizes=\"(max-width: 45px) 100vw, 45px\" \/><\/p>\n[\/vc_column_text][\/vc_column][\/vc_row][vc_row full_width=&#8221;stretch_row&#8221; css=&#8221;.vc_custom_1582730235117{background-color: #46c3d9 !important;}&#8221;][vc_column][vc_custom_heading text=&#8221;GE Healthcare authorized distributor&#8221; font_container=&#8221;tag:h3|text_align:left|color:%23ffffff&#8221; use_theme_fonts=&#8221;yes&#8221; el_class=&#8221;page-intro-tit&#8221;][vc_column_text el_class=&#8221;white&#8221;]TRADUS MEDICAL has partenered with GE Healthcare, one of the main leaders in the medical imaging market, so you can benefit from the company&#8217;s know-how and reputation in this domain and more specifically in ultrasound.<\/p>\n<p>The expertise of TRADUS MEDICAL combined with the notoriety of GE Healthcare are guarantees of quality that you must expect when you buy a factory-refurbished ultrasound equipment.[\/vc_column_text][vc_row_inner][vc_column_inner width=&#8221;1\/3&#8243;][vc_column_text el_class=&#8221;about-circle&#8221; el_id=&#8221;circle-4&#8243;]\n<p style=\"text-align: center;\">Guarrantees<br \/>\n&amp; Certification<\/p>\n[\/vc_column_text][vc_column_text el_class=&#8221;white&#8221;]\n<p style=\"text-align: center;\">Access to high expertise systems with complete peace of mind thanks to the manufacturer&#8217;s warranty (12 months)<\/p>\n[\/vc_column_text][\/vc_column_inner][vc_column_inner width=&#8221;1\/3&#8243;][vc_column_text el_class=&#8221;about-circle&#8221; el_id=&#8221;circle-5&#8243;]\n<p style=\"text-align: center;\">Flexibility<br \/>\n&amp; Scalabilty<\/p>\n[\/vc_column_text][vc_column_text el_class=&#8221;white&#8221;]\n<p style=\"text-align: center;\">Modulable configuration and budget depending on activity type and number of exams. Software upgrade<\/p>\n[\/vc_column_text][\/vc_column_inner][vc_column_inner width=&#8221;1\/3&#8243;][vc_column_text el_class=&#8221;about-circle&#8221; el_id=&#8221;circle-6&#8243;]\n<p style=\"text-align: center;\">Help &amp;<br \/>\nSupport<\/p>\n[\/vc_column_text][vc_column_text el_class=&#8221;white&#8221;]\n<p style=\"text-align: center;\">Technical and clinical application support on site and remotely. User clubs access<\/p>\n[\/vc_column_text][\/vc_column_inner][\/vc_row_inner][vc_row_inner css=&#8221;.vc_custom_1583313566588{border-top-width: 2px !important;border-right-width: 2px !important;border-bottom-width: 2px !important;border-left-width: 2px !important;border-left-color: #ffffff !important;border-left-style: solid !important;border-right-color: #ffffff !important;border-right-style: solid !important;border-top-color: #ffffff !important;border-top-style: solid !important;border-bottom-color: #ffffff !important;border-bottom-style: solid !important;border-radius: 2px !important;}&#8221;][vc_column_inner][vc_column_text el_class=&#8221;white&#8221;]\n<p style=\"text-align: center;\">You are a TRADUS MEDICAL customer\u2026You are facing a technical issue<br \/>\nOr you need a clinical support online?<\/p>\n<h3 style=\"text-align: center;\"><strong>Call GE Healthcare 0 800 139 140<\/strong><\/h3>\n[\/vc_column_text][\/vc_column_inner][\/vc_row_inner][vc_empty_space][\/vc_column][\/vc_row][vc_row][vc_column][vc_custom_heading text=&#8221;What do we propose?&#8221; font_container=&#8221;tag:h3|text_align:left|color:%2346c3d9&#8243; use_theme_fonts=&#8221;yes&#8221; el_class=&#8221;page-intro-tit&#8221;][vc_row_inner][vc_column_inner width=&#8221;1\/2&#8243;][vc_column_text]\n<ul>\n<li>Full equipment range for radiology, cardiology, vascular,<br \/>\ngynecology \/ obstetrics, and other specialties using ultrasound<br \/>\nscanners,<\/li>\n<li>factory refurbished products, certified and guaranteed by the<br \/>\nmanufacturer,<\/li>\n<\/ul>\n[\/vc_column_text][\/vc_column_inner][vc_column_inner width=&#8221;1\/2&#8243;][vc_column_text]\n<ul>\n<li>Used equipment selected for their excellent condition,<\/li>\n<li>All ultrasound scanners buy-back<\/li>\n<li>Clinical training on the equipment in partnership with the<br \/>\nsuppliers,<\/li>\n<li>Ultrasound scanners short and long term rental<\/li>\n<\/ul>\n[\/vc_column_text][\/vc_column_inner][\/vc_row_inner][vc_row_inner][vc_column_inner width=&#8221;1\/3&#8243;][vc_column_text el_class=&#8221;about-circle&#8221; el_id=&#8221;circle-7&#8243;]\n<p style=\"text-align: center;\">Refurbished<br \/>\nUltrasound<br \/>\nscanners<\/p>\n[\/vc_column_text][\/vc_column_inner][vc_column_inner width=&#8221;1\/3&#8243;][vc_column_text el_class=&#8221;about-circle&#8221; el_id=&#8221;circle-8&#8243;]\n<p style=\"text-align: center;\">Manufacturer<br \/>\nWarranty<\/p>\n[\/vc_column_text][\/vc_column_inner][vc_column_inner width=&#8221;1\/3&#8243;][vc_column_text el_class=&#8221;about-circle&#8221; el_id=&#8221;circle-9&#8243;]\n<p style=\"text-align: center;\">All Brand<br \/>\nTrade-in<\/p>\n[\/vc_column_text][\/vc_column_inner][\/vc_row_inner][vc_empty_space][\/vc_column][\/vc_row]\n","protected":false},"excerpt":{"rendered":"<p>[vc_row][vc_column][vc_empty_space height=&#8221;2em&#8221;][vc_custom_heading text=&#8221;Our mission : Providing flexible offers, high quality products at very competitive prices to answer to your patient clinical needs&#8221; font_container=&#8221;tag:h3|text_align:center|color:%23000000&#8243; use_theme_fonts=&#8221;yes&#8221;][\/vc_column][\/vc_row][vc_row][vc_column width=&#8221;1\/3&#8243;][vc_btn title=&#8221;Discover our Products&#8221; size=&#8221;lg&#8221; align=&#8221;center&#8221; button_block=&#8221;true&#8221; link=&#8221;url:https%3A%2F%2Ftradusmedical.com%2Fen%2Fradiology-products|title:Gamme%20Radiologie||&#8221;][\/vc_column][vc_column width=&#8221;1\/3&#8243;][vc_btn title=&#8221;Discover our Products&#8221; size=&#8221;lg&#8221; align=&#8221;center&#8221; button_block=&#8221;true&#8221; link=&#8221;url:https%3A%2F%2Ftradusmedical.com%2Fen%2Fcardiology-vascular-products|title:Gamme%20Radiologie||&#8221;][\/vc_column][vc_column width=&#8221;1\/3&#8243;][vc_btn title=&#8221;Discover our Products&#8221; size=&#8221;lg&#8221; align=&#8221;center&#8221; button_block=&#8221;true&#8221; link=&#8221;url:https%3A%2F%2Ftradusmedical.com%2Fen%2Fobstetric-gynecology-products|title:Gamme%20Radiologie||&#8221;][\/vc_column][\/vc_row][vc_row][vc_column][vc_empty_space height=&#8221;1em&#8221;][vc_column_text] The products are factory refurbished by the manufacturer and are guaranteed by GE Healthcare\u00a0 [\/vc_column_text][\/vc_column][\/vc_row][vc_row full_width=&#8221;stretch_row&#8221; css=&#8221;.vc_custom_1582730235117{background-color: #46c3d9 !important;}&#8221;][vc_column][vc_custom_heading text=&#8221;GE Healthcare authorized distributor&#8221; font_container=&#8221;tag:h3|text_align:left|color:%23ffffff&#8221; use_theme_fonts=&#8221;yes&#8221; el_class=&#8221;page-intro-tit&#8221;][vc_column_text el_class=&#8221;white&#8221;]TRADUS MEDICAL has partenered with GE Healthcare, one of the main leaders in the medical imaging market, so you can benefit from the company&#8217;s know-how and reputation in this domain and more specifically in ultrasound. The expertise of TRADUS MEDICAL combined with the notoriety of GE Healthcare are guarantees of quality that you must expect when you buy a factory-refurbished ultrasound equipment.[\/vc_column_text][vc_row_inner][vc_column_inner width=&#8221;1\/3&#8243;][vc_column_text el_class=&#8221;about-circle&#8221; el_id=&#8221;circle-4&#8243;] Guarrantees &amp; Certification [\/vc_column_text][vc_column_text el_class=&#8221;white&#8221;] Access to high expertise systems with complete peace of mind thanks to the manufacturer&#8217;s warranty (12 months) [\/vc_column_text][\/vc_column_inner][vc_column_inner width=&#8221;1\/3&#8243;][vc_column_text el_class=&#8221;about-circle&#8221; el_id=&#8221;circle-5&#8243;] Flexibility &amp; Scalabilty [\/vc_column_text][vc_column_text el_class=&#8221;white&#8221;] Modulable configuration and budget depending on activity type and number of exams. Software upgrade [\/vc_column_text][\/vc_column_inner][vc_column_inner width=&#8221;1\/3&#8243;][vc_column_text el_class=&#8221;about-circle&#8221; el_id=&#8221;circle-6&#8243;] Help &amp; Support [\/vc_column_text][vc_column_text el_class=&#8221;white&#8221;] Technical and clinical application support on site and remotely. User clubs access [\/vc_column_text][\/vc_column_inner][\/vc_row_inner][vc_row_inner css=&#8221;.vc_custom_1583313566588{border-top-width: 2px !important;border-right-width: 2px !important;border-bottom-width: 2px !important;border-left-width: 2px !important;border-left-color: #ffffff !important;border-left-style: solid !important;border-right-color: #ffffff !important;border-right-style: solid !important;border-top-color: #ffffff !important;border-top-style: solid !important;border-bottom-color: #ffffff !important;border-bottom-style: solid !important;border-radius: 2px !important;}&#8221;][vc_column_inner][vc_column_text el_class=&#8221;white&#8221;] You are a TRADUS MEDICAL customer\u2026You are facing a technical issue Or you need a clinical support online? Call GE Healthcare 0 800 139 140 [\/vc_column_text][\/vc_column_inner][\/vc_row_inner][vc_empty_space][\/vc_column][\/vc_row][vc_row][vc_column][vc_custom_heading text=&#8221;What do we propose?&#8221; font_container=&#8221;tag:h3|text_align:left|color:%2346c3d9&#8243; use_theme_fonts=&#8221;yes&#8221; el_class=&#8221;page-intro-tit&#8221;][vc_row_inner][vc_column_inner width=&#8221;1\/2&#8243;][vc_column_text] Full equipment range for radiology, cardiology, vascular, gynecology \/ obstetrics, and other specialties using ultrasound scanners, factory refurbished products, certified and guaranteed by the manufacturer, [\/vc_column_text][\/vc_column_inner][vc_column_inner width=&#8221;1\/2&#8243;][vc_column_text] Used equipment selected for their excellent condition, All ultrasound scanners buy-back Clinical training on the equipment in partnership with the suppliers, Ultrasound scanners short and long term rental [\/vc_column_text][\/vc_column_inner][\/vc_row_inner][vc_row_inner][vc_column_inner width=&#8221;1\/3&#8243;][vc_column_text el_class=&#8221;about-circle&#8221; el_id=&#8221;circle-7&#8243;] Refurbished Ultrasound scanners [\/vc_column_text][\/vc_column_inner][vc_column_inner width=&#8221;1\/3&#8243;][vc_column_text el_class=&#8221;about-circle&#8221; el_id=&#8221;circle-8&#8243;] Manufacturer Warranty [\/vc_column_text][\/vc_column_inner][vc_column_inner width=&#8221;1\/3&#8243;][vc_column_text el_class=&#8221;about-circle&#8221; el_id=&#8221;circle-9&#8243;] All Brand Trade-in [\/vc_column_text][\/vc_column_inner][\/vc_row_inner][vc_empty_space][\/vc_column][\/vc_row]<\/p>\n","protected":false},"author":1,"featured_media":0,"parent":0,"menu_order":0,"comment_status":"closed","ping_status":"closed","template":"","meta":[],"yoast_head":"<!-- This site is optimized with the Yoast SEO plugin v21.8.1 - https:\/\/yoast.com\/wordpress\/plugins\/seo\/ -->\n<title>Home  - TradusMedical.com - Mat\u00e9riel radiologique et \u00e9quipement de radiologie d&#039;occasion reconditionn\u00e9 en usine et garantis constructeur. L&#039;imagerie m\u00e9dicale de qualit\u00e9 au meilleur prix.<\/title>\n<meta name=\"description\" content=\"Equipements radiologie, cardiovasculaire et gyn\u00e9cologie, reconditionn\u00e9s en usine et garantis constructeur. Distributeur agr\u00e9\u00e9 GE Healthcare. LOGIQ, Vivid et Voluson. Mat\u00e9riel d\u2019imagerie m\u00e9dicale de qualit\u00e9 \u00e0 prix comp\u00e9titif.\" \/>\n<meta name=\"robots\" content=\"index, follow, max-snippet:-1, max-image-preview:large, max-video-preview:-1\" \/>\n<link rel=\"canonical\" href=\"https:\/\/tradusmedical.com\/en\" \/>\n<meta property=\"og:locale\" content=\"en_US\" \/>\n<meta property=\"og:type\" content=\"article\" \/>\n<meta property=\"og:title\" content=\"Home  - TradusMedical.com - Mat\u00e9riel radiologique et \u00e9quipement de radiologie d&#039;occasion reconditionn\u00e9 en usine et garantis constructeur. L&#039;imagerie m\u00e9dicale de qualit\u00e9 au meilleur prix.\" \/>\n<meta property=\"og:description\" content=\"Equipements radiologie, cardiovasculaire et gyn\u00e9cologie, reconditionn\u00e9s en usine et garantis constructeur. Distributeur agr\u00e9\u00e9 GE Healthcare. LOGIQ, Vivid et Voluson. Mat\u00e9riel d\u2019imagerie m\u00e9dicale de qualit\u00e9 \u00e0 prix comp\u00e9titif.\" \/>\n<meta property=\"og:url\" content=\"https:\/\/tradusmedical.com\/en\" \/>\n<meta property=\"og:site_name\" content=\"TradusMedical.com\" \/>\n<meta property=\"article:modified_time\" content=\"2020-05-21T11:55:51+00:00\" \/>\n<meta property=\"og:image\" content=\"https:\/\/tradusmedical.com\/wp-content\/uploads\/tradus-medical_logo-GE-helathcare-mini-color.png\" \/>\n<meta name=\"twitter:card\" content=\"summary_large_image\" \/>\n<meta name=\"twitter:label1\" content=\"Est. reading time\" \/>\n\t<meta name=\"twitter:data1\" content=\"4 minutes\" \/>\n<script type=\"application\/ld+json\" class=\"yoast-schema-graph\">{\"@context\":\"https:\/\/schema.org\",\"@graph\":[{\"@type\":\"WebPage\",\"@id\":\"https:\/\/tradusmedical.com\/en\",\"url\":\"https:\/\/tradusmedical.com\/en\",\"name\":\"Home - TradusMedical.com - Mat\u00e9riel radiologique et \u00e9quipement de radiologie d'occasion reconditionn\u00e9 en usine et garantis constructeur. L'imagerie m\u00e9dicale de qualit\u00e9 au meilleur prix.\",\"isPartOf\":{\"@id\":\"https:\/\/tradusmedical.com\/en#website\"},\"datePublished\":\"2019-12-02T19:02:11+00:00\",\"dateModified\":\"2020-05-21T11:55:51+00:00\",\"description\":\"Equipements radiologie, cardiovasculaire et gyn\u00e9cologie, reconditionn\u00e9s en usine et garantis constructeur. Distributeur agr\u00e9\u00e9 GE Healthcare. LOGIQ, Vivid et Voluson. Mat\u00e9riel d\u2019imagerie m\u00e9dicale de qualit\u00e9 \u00e0 prix comp\u00e9titif.\",\"breadcrumb\":{\"@id\":\"https:\/\/tradusmedical.com\/en#breadcrumb\"},\"inLanguage\":\"en-US\",\"potentialAction\":[{\"@type\":\"ReadAction\",\"target\":[\"https:\/\/tradusmedical.com\/en\"]}]},{\"@type\":\"BreadcrumbList\",\"@id\":\"https:\/\/tradusmedical.com\/en#breadcrumb\",\"itemListElement\":[{\"@type\":\"ListItem\",\"position\":1,\"name\":\"Accueil\",\"item\":\"https:\/\/tradusmedical.com\/en\"},{\"@type\":\"ListItem\",\"position\":2,\"name\":\"Home\"}]},{\"@type\":\"WebSite\",\"@id\":\"https:\/\/tradusmedical.com\/en#website\",\"url\":\"https:\/\/tradusmedical.com\/en\",\"name\":\"TradusMedical.com\",\"description\":\"Mat\u00e9riel radiologique et \u00e9quipement de radiologie d&#039;occasion reconditionn\u00e9 en usine et garantis constructeur. L&#039;imagerie m\u00e9dicale de qualit\u00e9 au meilleur prix.\",\"publisher\":{\"@id\":\"https:\/\/tradusmedical.com\/en#organization\"},\"potentialAction\":[{\"@type\":\"SearchAction\",\"target\":{\"@type\":\"EntryPoint\",\"urlTemplate\":\"https:\/\/tradusmedical.com\/en?s={search_term_string}\"},\"query-input\":\"required name=search_term_string\"}],\"inLanguage\":\"en-US\"},{\"@type\":\"Organization\",\"@id\":\"https:\/\/tradusmedical.com\/en#organization\",\"name\":\"Tradus Medical\",\"url\":\"https:\/\/tradusmedical.com\/en\",\"logo\":{\"@type\":\"ImageObject\",\"inLanguage\":\"en-US\",\"@id\":\"https:\/\/tradusmedical.com\/en#\/schema\/logo\/image\/\",\"url\":\"https:\/\/tradusmedical.com\/wp-content\/uploads\/2019\/12\/tradus-medical-logo.png\",\"contentUrl\":\"https:\/\/tradusmedical.com\/wp-content\/uploads\/2019\/12\/tradus-medical-logo.png\",\"width\":397,\"height\":72,\"caption\":\"Tradus Medical\"},\"image\":{\"@id\":\"https:\/\/tradusmedical.com\/en#\/schema\/logo\/image\/\"}}]}<\/script>\n<!-- \/ Yoast SEO plugin. -->","yoast_head_json":{"title":"Home  - TradusMedical.com - Mat\u00e9riel radiologique et \u00e9quipement de radiologie d'occasion reconditionn\u00e9 en usine et garantis constructeur. L'imagerie m\u00e9dicale de qualit\u00e9 au meilleur prix.","description":"Equipements radiologie, cardiovasculaire et gyn\u00e9cologie, reconditionn\u00e9s en usine et garantis constructeur. Distributeur agr\u00e9\u00e9 GE Healthcare. LOGIQ, Vivid et Voluson. Mat\u00e9riel d\u2019imagerie m\u00e9dicale de qualit\u00e9 \u00e0 prix comp\u00e9titif.","robots":{"index":"index","follow":"follow","max-snippet":"max-snippet:-1","max-image-preview":"max-image-preview:large","max-video-preview":"max-video-preview:-1"},"canonical":"https:\/\/tradusmedical.com\/en","og_locale":"en_US","og_type":"article","og_title":"Home  - TradusMedical.com - Mat\u00e9riel radiologique et \u00e9quipement de radiologie d'occasion reconditionn\u00e9 en usine et garantis constructeur. L'imagerie m\u00e9dicale de qualit\u00e9 au meilleur prix.","og_description":"Equipements radiologie, cardiovasculaire et gyn\u00e9cologie, reconditionn\u00e9s en usine et garantis constructeur. Distributeur agr\u00e9\u00e9 GE Healthcare. LOGIQ, Vivid et Voluson. Mat\u00e9riel d\u2019imagerie m\u00e9dicale de qualit\u00e9 \u00e0 prix comp\u00e9titif.","og_url":"https:\/\/tradusmedical.com\/en","og_site_name":"TradusMedical.com","article_modified_time":"2020-05-21T11:55:51+00:00","og_image":[{"url":"https:\/\/tradusmedical.com\/wp-content\/uploads\/tradus-medical_logo-GE-helathcare-mini-color.png"}],"twitter_card":"summary_large_image","twitter_misc":{"Est. reading time":"4 minutes"},"schema":{"@context":"https:\/\/schema.org","@graph":[{"@type":"WebPage","@id":"https:\/\/tradusmedical.com\/en","url":"https:\/\/tradusmedical.com\/en","name":"Home - TradusMedical.com - Mat\u00e9riel radiologique et \u00e9quipement de radiologie d'occasion reconditionn\u00e9 en usine et garantis constructeur. L'imagerie m\u00e9dicale de qualit\u00e9 au meilleur prix.","isPartOf":{"@id":"https:\/\/tradusmedical.com\/en#website"},"datePublished":"2019-12-02T19:02:11+00:00","dateModified":"2020-05-21T11:55:51+00:00","description":"Equipements radiologie, cardiovasculaire et gyn\u00e9cologie, reconditionn\u00e9s en usine et garantis constructeur. Distributeur agr\u00e9\u00e9 GE Healthcare. LOGIQ, Vivid et Voluson. Mat\u00e9riel d\u2019imagerie m\u00e9dicale de qualit\u00e9 \u00e0 prix comp\u00e9titif.","breadcrumb":{"@id":"https:\/\/tradusmedical.com\/en#breadcrumb"},"inLanguage":"en-US","potentialAction":[{"@type":"ReadAction","target":["https:\/\/tradusmedical.com\/en"]}]},{"@type":"BreadcrumbList","@id":"https:\/\/tradusmedical.com\/en#breadcrumb","itemListElement":[{"@type":"ListItem","position":1,"name":"Accueil","item":"https:\/\/tradusmedical.com\/en"},{"@type":"ListItem","position":2,"name":"Home"}]},{"@type":"WebSite","@id":"https:\/\/tradusmedical.com\/en#website","url":"https:\/\/tradusmedical.com\/en","name":"TradusMedical.com","description":"Mat\u00e9riel radiologique et \u00e9quipement de radiologie d&#039;occasion reconditionn\u00e9 en usine et garantis constructeur. L&#039;imagerie m\u00e9dicale de qualit\u00e9 au meilleur prix.","publisher":{"@id":"https:\/\/tradusmedical.com\/en#organization"},"potentialAction":[{"@type":"SearchAction","target":{"@type":"EntryPoint","urlTemplate":"https:\/\/tradusmedical.com\/en?s={search_term_string}"},"query-input":"required name=search_term_string"}],"inLanguage":"en-US"},{"@type":"Organization","@id":"https:\/\/tradusmedical.com\/en#organization","name":"Tradus Medical","url":"https:\/\/tradusmedical.com\/en","logo":{"@type":"ImageObject","inLanguage":"en-US","@id":"https:\/\/tradusmedical.com\/en#\/schema\/logo\/image\/","url":"https:\/\/tradusmedical.com\/wp-content\/uploads\/2019\/12\/tradus-medical-logo.png","contentUrl":"https:\/\/tradusmedical.com\/wp-content\/uploads\/2019\/12\/tradus-medical-logo.png","width":397,"height":72,"caption":"Tradus Medical"},"image":{"@id":"https:\/\/tradusmedical.com\/en#\/schema\/logo\/image\/"}}]}},"_links":{"self":[{"href":"https:\/\/tradusmedical.com\/en\/wp-json\/wp\/v2\/pages\/137"}],"collection":[{"href":"https:\/\/tradusmedical.com\/en\/wp-json\/wp\/v2\/pages"}],"about":[{"href":"https:\/\/tradusmedical.com\/en\/wp-json\/wp\/v2\/types\/page"}],"author":[{"embeddable":true,"href":"https:\/\/tradusmedical.com\/en\/wp-json\/wp\/v2\/users\/1"}],"replies":[{"embeddable":true,"href":"https:\/\/tradusmedical.com\/en\/wp-json\/wp\/v2\/comments?post=137"}],"version-history":[{"count":6,"href":"https:\/\/tradusmedical.com\/en\/wp-json\/wp\/v2\/pages\/137\/revisions"}],"predecessor-version":[{"id":953,"href":"https:\/\/tradusmedical.com\/en\/wp-json\/wp\/v2\/pages\/137\/revisions\/953"}],"wp:attachment":[{"href":"https:\/\/tradusmedical.com\/en\/wp-json\/wp\/v2\/media?parent=137"}],"curies":[{"name":"wp","href":"https:\/\/api.w.org\/{rel}","templated":true}]}}